{"id":243,"date":"2015-06-10T12:58:36","date_gmt":"2015-06-10T12:58:36","guid":{"rendered":"https:\/\/behostels.com\/?page_id=243"},"modified":"2015-07-06T17:16:06","modified_gmt":"2015-07-06T17:16:06","slug":"ausstattung","status":"publish","type":"page","link":"https:\/\/behostels.com\/de\/dream\/ausstattung\/","title":{"rendered":"Be Dream Hostel Ausstattung"},"content":{"rendered":"<h2 class=\"fantasy\">Gleich nach dem einchecken im Be Dream Hostel verf\u00fcgen unsere G\u00e4ste \u00fcber:<\/h2>\r\n<div class=\"uk-grid\">\r\n<div class=\"uk-width-large-1-2 uk-width-medium-1-2 uk-width-small-1-1\">\r\n<ul\r\n\t<li>Gratis Spaziergang<\/li>\r\n\t<li>Gratis Internt and den computer<\/li>\r\n\t<li>Gratis Wifi<\/li>\r\n\t<li>Gratis Elektronischer Schrank f\u00fcr jedes Bett<\/li>\r\n\t<li>Gratis Stadtplan<\/li>\r\n\t<li>K\u00fcche f\u00fcr Reisende verf\u00fcgbar<\/li>\r\n\t<li>24-Stunden Rezeption<\/li>\r\n\t<li>\u00c4ussere Halle mit Sofas, Sonnenbette und Ping Pong Tisch<\/li>\r\n\t<li>Tv Raum mit DVD, Nintendo Wii und Tischspiele<\/li>\r\n<\/ul>\r\n<\/div>\r\n<div class=\"uk-width-large-1-2 uk-width-medium-1-2 uk-width-small-1-1\">\r\n<ul>\r\n\t<li>Sch\u00f6ner Aufenthaltsraum<\/li>\r\n\t<li>Klimaanlage und Heizung<\/li>\r\n\t<li>Aktivit\u00e4ten jeden Tag organisiert<\/li>\r\n\t<li>Tapas und Flamenco, kulturelle Ausfl\u00fcge,Kneipentouren, etc ..<\/li>\r\n\t<li>Internationale und lokale Rezeptionisten immer hilfsbereit<\/li>\r\n\t<li>Schlie\u00dffach f\u00fcr Ihr Gep\u00e4ck nach dem Check-out<\/li>\r\n\t<li>Waschmaschine und Trockner M\u00fcnze<\/li>\r\n\t<li>Bettw\u00e4sche und Handt\u00fccher f\u00fcr 2,5 \u20ac<\/li>\r\n\t<li>Parkplatz f\u00fcr Fahrr\u00e4der<\/li>\r\n<\/ul>\r\n<\/div>\r\n<\/div>","protected":false},"excerpt":{"rendered":"<p>Gleich nach dem einchecken im Be Dream Hostel verf\u00fcgen unsere G\u00e4ste \u00fcber:<\/p>\n","protected":false},"author":1,"featured_media":0,"parent":191,"menu_order":0,"comment_status":"closed","ping_status":"open","template":"","meta":{"footnotes":""},"yoast_head":"<!-- This site is optimized with the Yoast SEO plugin v22.7 - https:\/\/yoast.com\/wordpress\/plugins\/seo\/ -->\n<title>Ausstattung Be Dream Hostel<\/title>\n<meta name=\"description\" content=\"Hier finden Sie alles was Sie brauchen bei Be Mar Hostel in Barcelona!\" \/>\n<meta name=\"robots\" content=\"index, follow, max-snippet:-1, max-image-preview:large, max-video-preview:-1\" \/>\n<link rel=\"canonical\" href=\"https:\/\/behostels.com\/de\/dream\/ausstattung\/\" \/>\n<meta property=\"og:locale\" content=\"de_DE\" \/>\n<meta property=\"og:type\" content=\"article\" \/>\n<meta property=\"og:title\" content=\"Ausstattung Be Dream Hostel\" \/>\n<meta property=\"og:description\" content=\"Hier finden Sie alles was Sie brauchen bei Be Mar Hostel in Barcelona!\" \/>\n<meta property=\"og:url\" content=\"https:\/\/behostels.com\/de\/dream\/ausstattung\/\" \/>\n<meta property=\"og:site_name\" content=\"Be Hostels\" \/>\n<meta property=\"article:modified_time\" content=\"2015-07-06T17:16:06+00:00\" \/>\n<meta name=\"twitter:card\" content=\"summary_large_image\" \/>\n<script type=\"application\/ld+json\" class=\"yoast-schema-graph\">{\"@context\":\"https:\/\/schema.org\",\"@graph\":[{\"@type\":\"WebPage\",\"@id\":\"https:\/\/behostels.com\/de\/dream\/ausstattung\/\",\"url\":\"https:\/\/behostels.com\/de\/dream\/ausstattung\/\",\"name\":\"Ausstattung Be Dream Hostel\",\"isPartOf\":{\"@id\":\"https:\/\/behostels.com\/de\/#website\"},\"datePublished\":\"2015-06-10T12:58:36+00:00\",\"dateModified\":\"2015-07-06T17:16:06+00:00\",\"description\":\"Hier finden Sie alles was Sie brauchen bei Be Mar Hostel in Barcelona!\",\"breadcrumb\":{\"@id\":\"https:\/\/behostels.com\/de\/dream\/ausstattung\/#breadcrumb\"},\"inLanguage\":\"de\",\"potentialAction\":[{\"@type\":\"ReadAction\",\"target\":[\"https:\/\/behostels.com\/de\/dream\/ausstattung\/\"]}]},{\"@type\":\"BreadcrumbList\",\"@id\":\"https:\/\/behostels.com\/de\/dream\/ausstattung\/#breadcrumb\",\"itemListElement\":[{\"@type\":\"ListItem\",\"position\":1,\"name\":\"Home\",\"item\":\"https:\/\/behostels.com\/de\/\"},{\"@type\":\"ListItem\",\"position\":2,\"name\":\"Be Dream Hostel Barcelona\",\"item\":\"https:\/\/behostels.com\/de\/dream\/\"},{\"@type\":\"ListItem\",\"position\":3,\"name\":\"Be Dream Hostel Ausstattung\"}]},{\"@type\":\"WebSite\",\"@id\":\"https:\/\/behostels.com\/de\/#website\",\"url\":\"https:\/\/behostels.com\/de\/\",\"name\":\"Be Hostels\",\"description\":\"\",\"publisher\":{\"@id\":\"https:\/\/behostels.com\/de\/#organization\"},\"potentialAction\":[{\"@type\":\"SearchAction\",\"target\":{\"@type\":\"EntryPoint\",\"urlTemplate\":\"https:\/\/behostels.com\/de\/?s={search_term_string}\"},\"query-input\":\"required name=search_term_string\"}],\"inLanguage\":\"de\"},{\"@type\":\"Organization\",\"@id\":\"https:\/\/behostels.com\/de\/#organization\",\"name\":\"Be Hostels\",\"url\":\"https:\/\/behostels.com\/de\/\",\"logo\":{\"@type\":\"ImageObject\",\"inLanguage\":\"de\",\"@id\":\"https:\/\/behostels.com\/de\/#\/schema\/logo\/image\/\",\"url\":\"https:\/\/behostels.com\/wp-content\/uploads\/2015\/06\/be_reservations_logo.jpg\",\"contentUrl\":\"https:\/\/behostels.com\/wp-content\/uploads\/2015\/06\/be_reservations_logo.jpg\",\"width\":130,\"height\":130,\"caption\":\"Be Hostels\"},\"image\":{\"@id\":\"https:\/\/behostels.com\/de\/#\/schema\/logo\/image\/\"}}]}<\/script>\n<!-- \/ Yoast SEO plugin. -->","yoast_head_json":{"title":"Ausstattung Be Dream Hostel","description":"Hier finden Sie alles was Sie brauchen bei Be Mar Hostel in Barcelona!","robots":{"index":"index","follow":"follow","max-snippet":"max-snippet:-1","max-image-preview":"max-image-preview:large","max-video-preview":"max-video-preview:-1"},"canonical":"https:\/\/behostels.com\/de\/dream\/ausstattung\/","og_locale":"de_DE","og_type":"article","og_title":"Ausstattung Be Dream Hostel","og_description":"Hier finden Sie alles was Sie brauchen bei Be Mar Hostel in Barcelona!","og_url":"https:\/\/behostels.com\/de\/dream\/ausstattung\/","og_site_name":"Be Hostels","article_modified_time":"2015-07-06T17:16:06+00:00","twitter_card":"summary_large_image","schema":{"@context":"https:\/\/schema.org","@graph":[{"@type":"WebPage","@id":"https:\/\/behostels.com\/de\/dream\/ausstattung\/","url":"https:\/\/behostels.com\/de\/dream\/ausstattung\/","name":"Ausstattung Be Dream Hostel","isPartOf":{"@id":"https:\/\/behostels.com\/de\/#website"},"datePublished":"2015-06-10T12:58:36+00:00","dateModified":"2015-07-06T17:16:06+00:00","description":"Hier finden Sie alles was Sie brauchen bei Be Mar Hostel in Barcelona!","breadcrumb":{"@id":"https:\/\/behostels.com\/de\/dream\/ausstattung\/#breadcrumb"},"inLanguage":"de","potentialAction":[{"@type":"ReadAction","target":["https:\/\/behostels.com\/de\/dream\/ausstattung\/"]}]},{"@type":"BreadcrumbList","@id":"https:\/\/behostels.com\/de\/dream\/ausstattung\/#breadcrumb","itemListElement":[{"@type":"ListItem","position":1,"name":"Home","item":"https:\/\/behostels.com\/de\/"},{"@type":"ListItem","position":2,"name":"Be Dream Hostel Barcelona","item":"https:\/\/behostels.com\/de\/dream\/"},{"@type":"ListItem","position":3,"name":"Be Dream Hostel Ausstattung"}]},{"@type":"WebSite","@id":"https:\/\/behostels.com\/de\/#website","url":"https:\/\/behostels.com\/de\/","name":"Be Hostels","description":"","publisher":{"@id":"https:\/\/behostels.com\/de\/#organization"},"potentialAction":[{"@type":"SearchAction","target":{"@type":"EntryPoint","urlTemplate":"https:\/\/behostels.com\/de\/?s={search_term_string}"},"query-input":"required name=search_term_string"}],"inLanguage":"de"},{"@type":"Organization","@id":"https:\/\/behostels.com\/de\/#organization","name":"Be Hostels","url":"https:\/\/behostels.com\/de\/","logo":{"@type":"ImageObject","inLanguage":"de","@id":"https:\/\/behostels.com\/de\/#\/schema\/logo\/image\/","url":"https:\/\/behostels.com\/wp-content\/uploads\/2015\/06\/be_reservations_logo.jpg","contentUrl":"https:\/\/behostels.com\/wp-content\/uploads\/2015\/06\/be_reservations_logo.jpg","width":130,"height":130,"caption":"Be Hostels"},"image":{"@id":"https:\/\/behostels.com\/de\/#\/schema\/logo\/image\/"}}]}},"_links":{"self":[{"href":"https:\/\/behostels.com\/de\/wp-json\/wp\/v2\/pages\/243"}],"collection":[{"href":"https:\/\/behostels.com\/de\/wp-json\/wp\/v2\/pages"}],"about":[{"href":"https:\/\/behostels.com\/de\/wp-json\/wp\/v2\/types\/page"}],"author":[{"embeddable":true,"href":"https:\/\/behostels.com\/de\/wp-json\/wp\/v2\/users\/1"}],"replies":[{"embeddable":true,"href":"https:\/\/behostels.com\/de\/wp-json\/wp\/v2\/comments?post=243"}],"version-history":[{"count":0,"href":"https:\/\/behostels.com\/de\/wp-json\/wp\/v2\/pages\/243\/revisions"}],"up":[{"embeddable":true,"href":"https:\/\/behostels.com\/de\/wp-json\/wp\/v2\/pages\/191"}],"wp:attachment":[{"href":"https:\/\/behostels.com\/de\/wp-json\/wp\/v2\/media?parent=243"}],"curies":[{"name":"wp","href":"https:\/\/api.w.org\/{rel}","templated":true}]}}