{"id":224,"date":"2015-06-10T12:40:37","date_gmt":"2015-06-10T12:40:37","guid":{"rendered":"https:\/\/behostels.com\/?page_id=224"},"modified":"2015-11-09T14:36:13","modified_gmt":"2015-11-09T14:36:13","slug":"zimmer","status":"publish","type":"page","link":"https:\/\/behostels.com\/de\/dream\/zimmer\/","title":{"rendered":"Be Dream Hostel Zimmer"},"content":{"rendered":"<p>Be Dream Hostel ist eine moderne und gem\u00fctliche Hostel neben dem Beach!<\/p>\r\n\n\n<div id=\"wk-grid1de\" class=\"uk-grid-width-1-1 uk-grid-width-medium-1-3 uk-grid uk-grid-match uk-grid-medium uk-text-center \" data-uk-grid-match=\"{target:'> div > .uk-panel', row:true}\" data-uk-grid-margin  data-uk-scrollspy=\"{cls:'uk-animation-fade uk-invisible', target:'> div > .uk-panel', delay:300}\">\n\n\n    <div>\n        <div class=\"uk-panel uk-invisible\">\n\n            \n            \n                        <div class=\"uk-text-center uk-panel-teaser\"><img loading=\"lazy\" decoding=\"async\" src=\"\/wp-content\/uploads\/2015\/11\/be-dream-barcelona-hostel-rooms-021.jpg\" class=\"uk-border-circle uk-overlay-scale\" alt=\"Shared Room 12, 8, and 6 beds\" width=\"600\" height=\"600\"><\/div>\n            \n            \n            \n            \n            \n                        <div class=\"uk-margin\"><a class=\"uk-button\" href=\"https:\/\/booking.behostels.com\/?day=08\/04\/2026&#038;nights=7&#038;hotel=dream\">Schlafs\u00e4le 12, 8, und 6 Betten<\/a><\/div>\n            \n            \n            \n            \n        <\/div>\n    <\/div>\n\n\n    <div>\n        <div class=\"uk-panel uk-invisible\">\n\n            \n            \n                        <div class=\"uk-text-center uk-panel-teaser\"><img loading=\"lazy\" decoding=\"async\" src=\"\/wp-content\/uploads\/2015\/11\/be-dream-barcelona-hostel-rooms-06B1.jpg\" class=\"uk-border-circle uk-overlay-scale\" alt=\"Private 4 beds\" width=\"600\" height=\"600\"><\/div>\n            \n            \n            \n            \n            \n                        <div class=\"uk-margin\"><a class=\"uk-button\" href=\"https:\/\/booking.behostels.com\/?day=08\/04\/2026&#038;nights=7&#038;hotel=dream\">Private Zimmer mit 4 Betten<\/a><\/div>\n            \n            \n            \n            \n        <\/div>\n    <\/div>\n\n\n    <div>\n        <div class=\"uk-panel uk-invisible\">\n\n            \n            \n                        <div class=\"uk-text-center uk-panel-teaser\"><img loading=\"lazy\" decoding=\"async\" src=\"\/wp-content\/uploads\/2015\/11\/be-dream-barcelona-hostel-rooms-08B1.jpg\" class=\"uk-border-circle uk-overlay-scale\" alt=\"Double, Twin and Triple Room\" width=\"600\" height=\"600\"><\/div>\n            \n            \n            \n            \n            \n                        <div class=\"uk-margin\"><a class=\"uk-button\" href=\"https:\/\/booking.behostels.com\/?day=08\/04\/2026&#038;nights=7&#038;hotel=dream\">Doppel-, Zweibett-Dreibettzimmer<\/a><\/div>\n            \n            \n            \n            \n        <\/div>\n    <\/div>\n\n\n<\/div>\n\n<script>\n(function($){\n\n    \/\/ get the images of the gallery and replace it by a canvas of the same size to fix the problem with overlapping images on load.\n    $('img[width][height]:not(.uk-overlay-panel)', $('#wk-grid1de')).each(function() {\n\n        var $img = $(this);\n\n        if (this.width == 'auto' || this.height == 'auto' || !$img.is(':visible')) {\n            return;\n        }\n\n        var $canvas = $('<canvas class=\"uk-responsive-width\"><\/canvas>').attr({width:$img.attr('width'), height:$img.attr('height')}),\n            img = new Image,\n            release = function() {\n                $canvas.remove();\n                $img.css('display', '');\n                release = function(){};\n            };\n\n        $img.css('display', 'none').after($canvas);\n\n        $(img).on('load', function(){ release(); });\n        setTimeout(function(){ release(); }, 1000);\n\n        img.src = this.src;\n\n    });\n\n})(jQuery);\n<\/script>\n\r\n<br>\r\n<br>\r\n<div class=\"destacado\">\r\n\t<h2 class=\"fantasy\">Die Zimmer die Sie im<a href=\"http:\/\/www.behostels.com\/dream\" class=\"invisible\"> Be Dream Hostel<\/a> verf\u00fcgen sind:<\/h2>\r\n<ul>\r\n\t<li><strong>Schlafs\u00e4le mit 4, 6, 8, 12 Betten <\/strong> mit Gemeinschaftsbad <\/li>\r\n\t<li><strong> Doppelzimmer Einzelzimmer<\/strong>, mit Badezimmer<\/li>\r\n\t<li><strong> Private Zimmer mit 4 Betten <\/strong> mit Bad <\/li>\r\n<\/ul>\r\n<\/div>\r\n<h2 class=\"fantasy\"> Die Privatzimmer haben folgende Einrichtungen:<\/h2>\r\n<ul class=\"rooms\">\r\n\t<li><strong>Bettw\u00e4sche kostenlose<\/strong><\/li>\r\n\t<li> Handt\u00fccher k\u00f6nnen an der Rezeption f\u00fcr 2,5 \u20ac gemietet werden<\/li>\r\n\t<li><strong>Klimaanlage und Heizung mit automatischer Steuerung<\/strong><\/li>\r\n\t<li><strong> Privates Badezimmer<\/strong><\/li>\r\n<\/ul>\r\n\r\n<h2 class=\"fantasy\">Alle Schlafr\u00e4ume verf\u00fcgen folgendes:<\/h2>\r\n<ul class=\"rooms\">\r\n\t<li>Gratis pers\u00f6nlicher <strong>Schliessfach<\/strong> neben deinem Bett<\/li>\r\n\t<li>Der Schliessfach funktioniert mit <strong>pers\u00f6nlicher elektronischem Schl\u00fcssel<\/strong>. Dieser Schl\u00fcssel \u00f6ffnet die Hostess Eingangst\u00fcr, die Zimmer T\u00fcr und dein Schrank. Einfach und sicher!<\/li>\r\n\t<li><strong>Klimaanlage<\/strong> und <strong>Heizung<\/strong><\/li>\r\n\t<li>Gratis <strong>Decke, Bettanzug und Kopfkissen<\/strong><\/li>\r\n\t<li>Bettw\u00e4sche und Handt\u00fccher f\u00fcr 2,5 \u20ac<\/li>\r\n<\/ul>","protected":false},"excerpt":{"rendered":"<p>Be Dream Hostel ist eine moderne und gem\u00fctliche Hostel neben dem Beach! Die Zimmer die Sie im Be Dream Hostel verf\u00fcgen sind: Schlafs\u00e4le mit 4, 6, 8, 12 Betten mit Gemeinschaftsbad Doppelzimmer Einzelzimmer, mit Badezimmer Private Zimmer mit 4 Betten mit Bad Die Privatzimmer haben folgende Einrichtungen: Bettw\u00e4sche kostenlose Handt\u00fccher k\u00f6nnen an der Rezeption f\u00fcr [&hellip;]<\/p>\n","protected":false},"author":1,"featured_media":0,"parent":191,"menu_order":0,"comment_status":"closed","ping_status":"open","template":"","meta":{"footnotes":""},"yoast_head":"<!-- This site is optimized with the Yoast SEO plugin v22.7 - https:\/\/yoast.com\/wordpress\/plugins\/seo\/ -->\n<title>Zimmer in Be Dream Hostel neben dem Strand in Barcelona!<\/title>\n<meta name=\"description\" content=\"Schauen Sie sich unsere sch\u00f6ne und gem\u00fctliche Zimmer in Be Dream Hostel in Barcelona sein.\" \/>\n<meta name=\"robots\" content=\"index, follow, max-snippet:-1, max-image-preview:large, max-video-preview:-1\" \/>\n<link rel=\"canonical\" href=\"https:\/\/behostels.com\/de\/dream\/zimmer\/\" \/>\n<meta property=\"og:locale\" content=\"de_DE\" \/>\n<meta property=\"og:type\" content=\"article\" \/>\n<meta property=\"og:title\" content=\"Zimmer in Be Dream Hostel neben dem Strand in Barcelona!\" \/>\n<meta property=\"og:description\" content=\"Schauen Sie sich unsere sch\u00f6ne und gem\u00fctliche Zimmer in Be Dream Hostel in Barcelona sein.\" \/>\n<meta property=\"og:url\" content=\"https:\/\/behostels.com\/de\/dream\/zimmer\/\" \/>\n<meta property=\"og:site_name\" content=\"Be Hostels\" \/>\n<meta property=\"article:modified_time\" content=\"2015-11-09T14:36:13+00:00\" \/>\n<meta name=\"twitter:card\" content=\"summary_large_image\" \/>\n<meta name=\"twitter:label1\" content=\"Gesch\u00e4tzte Lesezeit\" \/>\n\t<meta name=\"twitter:data1\" content=\"1\u00a0Minute\" \/>\n<script type=\"application\/ld+json\" class=\"yoast-schema-graph\">{\"@context\":\"https:\/\/schema.org\",\"@graph\":[{\"@type\":\"WebPage\",\"@id\":\"https:\/\/behostels.com\/de\/dream\/zimmer\/\",\"url\":\"https:\/\/behostels.com\/de\/dream\/zimmer\/\",\"name\":\"Zimmer in Be Dream Hostel neben dem Strand in Barcelona!\",\"isPartOf\":{\"@id\":\"https:\/\/behostels.com\/de\/#website\"},\"datePublished\":\"2015-06-10T12:40:37+00:00\",\"dateModified\":\"2015-11-09T14:36:13+00:00\",\"description\":\"Schauen Sie sich unsere sch\u00f6ne und gem\u00fctliche Zimmer in Be Dream Hostel in Barcelona sein.\",\"breadcrumb\":{\"@id\":\"https:\/\/behostels.com\/de\/dream\/zimmer\/#breadcrumb\"},\"inLanguage\":\"de\",\"potentialAction\":[{\"@type\":\"ReadAction\",\"target\":[\"https:\/\/behostels.com\/de\/dream\/zimmer\/\"]}]},{\"@type\":\"BreadcrumbList\",\"@id\":\"https:\/\/behostels.com\/de\/dream\/zimmer\/#breadcrumb\",\"itemListElement\":[{\"@type\":\"ListItem\",\"position\":1,\"name\":\"Home\",\"item\":\"https:\/\/behostels.com\/de\/\"},{\"@type\":\"ListItem\",\"position\":2,\"name\":\"Be Dream Hostel Barcelona\",\"item\":\"https:\/\/behostels.com\/de\/dream\/\"},{\"@type\":\"ListItem\",\"position\":3,\"name\":\"Be Dream Hostel Zimmer\"}]},{\"@type\":\"WebSite\",\"@id\":\"https:\/\/behostels.com\/de\/#website\",\"url\":\"https:\/\/behostels.com\/de\/\",\"name\":\"Be Hostels\",\"description\":\"\",\"publisher\":{\"@id\":\"https:\/\/behostels.com\/de\/#organization\"},\"potentialAction\":[{\"@type\":\"SearchAction\",\"target\":{\"@type\":\"EntryPoint\",\"urlTemplate\":\"https:\/\/behostels.com\/de\/?s={search_term_string}\"},\"query-input\":\"required name=search_term_string\"}],\"inLanguage\":\"de\"},{\"@type\":\"Organization\",\"@id\":\"https:\/\/behostels.com\/de\/#organization\",\"name\":\"Be Hostels\",\"url\":\"https:\/\/behostels.com\/de\/\",\"logo\":{\"@type\":\"ImageObject\",\"inLanguage\":\"de\",\"@id\":\"https:\/\/behostels.com\/de\/#\/schema\/logo\/image\/\",\"url\":\"https:\/\/behostels.com\/wp-content\/uploads\/2015\/06\/be_reservations_logo.jpg\",\"contentUrl\":\"https:\/\/behostels.com\/wp-content\/uploads\/2015\/06\/be_reservations_logo.jpg\",\"width\":130,\"height\":130,\"caption\":\"Be Hostels\"},\"image\":{\"@id\":\"https:\/\/behostels.com\/de\/#\/schema\/logo\/image\/\"}}]}<\/script>\n<!-- \/ Yoast SEO plugin. -->","yoast_head_json":{"title":"Zimmer in Be Dream Hostel neben dem Strand in Barcelona!","description":"Schauen Sie sich unsere sch\u00f6ne und gem\u00fctliche Zimmer in Be Dream Hostel in Barcelona sein.","robots":{"index":"index","follow":"follow","max-snippet":"max-snippet:-1","max-image-preview":"max-image-preview:large","max-video-preview":"max-video-preview:-1"},"canonical":"https:\/\/behostels.com\/de\/dream\/zimmer\/","og_locale":"de_DE","og_type":"article","og_title":"Zimmer in Be Dream Hostel neben dem Strand in Barcelona!","og_description":"Schauen Sie sich unsere sch\u00f6ne und gem\u00fctliche Zimmer in Be Dream Hostel in Barcelona sein.","og_url":"https:\/\/behostels.com\/de\/dream\/zimmer\/","og_site_name":"Be Hostels","article_modified_time":"2015-11-09T14:36:13+00:00","twitter_card":"summary_large_image","twitter_misc":{"Gesch\u00e4tzte Lesezeit":"1\u00a0Minute"},"schema":{"@context":"https:\/\/schema.org","@graph":[{"@type":"WebPage","@id":"https:\/\/behostels.com\/de\/dream\/zimmer\/","url":"https:\/\/behostels.com\/de\/dream\/zimmer\/","name":"Zimmer in Be Dream Hostel neben dem Strand in Barcelona!","isPartOf":{"@id":"https:\/\/behostels.com\/de\/#website"},"datePublished":"2015-06-10T12:40:37+00:00","dateModified":"2015-11-09T14:36:13+00:00","description":"Schauen Sie sich unsere sch\u00f6ne und gem\u00fctliche Zimmer in Be Dream Hostel in Barcelona sein.","breadcrumb":{"@id":"https:\/\/behostels.com\/de\/dream\/zimmer\/#breadcrumb"},"inLanguage":"de","potentialAction":[{"@type":"ReadAction","target":["https:\/\/behostels.com\/de\/dream\/zimmer\/"]}]},{"@type":"BreadcrumbList","@id":"https:\/\/behostels.com\/de\/dream\/zimmer\/#breadcrumb","itemListElement":[{"@type":"ListItem","position":1,"name":"Home","item":"https:\/\/behostels.com\/de\/"},{"@type":"ListItem","position":2,"name":"Be Dream Hostel Barcelona","item":"https:\/\/behostels.com\/de\/dream\/"},{"@type":"ListItem","position":3,"name":"Be Dream Hostel Zimmer"}]},{"@type":"WebSite","@id":"https:\/\/behostels.com\/de\/#website","url":"https:\/\/behostels.com\/de\/","name":"Be Hostels","description":"","publisher":{"@id":"https:\/\/behostels.com\/de\/#organization"},"potentialAction":[{"@type":"SearchAction","target":{"@type":"EntryPoint","urlTemplate":"https:\/\/behostels.com\/de\/?s={search_term_string}"},"query-input":"required name=search_term_string"}],"inLanguage":"de"},{"@type":"Organization","@id":"https:\/\/behostels.com\/de\/#organization","name":"Be Hostels","url":"https:\/\/behostels.com\/de\/","logo":{"@type":"ImageObject","inLanguage":"de","@id":"https:\/\/behostels.com\/de\/#\/schema\/logo\/image\/","url":"https:\/\/behostels.com\/wp-content\/uploads\/2015\/06\/be_reservations_logo.jpg","contentUrl":"https:\/\/behostels.com\/wp-content\/uploads\/2015\/06\/be_reservations_logo.jpg","width":130,"height":130,"caption":"Be Hostels"},"image":{"@id":"https:\/\/behostels.com\/de\/#\/schema\/logo\/image\/"}}]}},"_links":{"self":[{"href":"https:\/\/behostels.com\/de\/wp-json\/wp\/v2\/pages\/224"}],"collection":[{"href":"https:\/\/behostels.com\/de\/wp-json\/wp\/v2\/pages"}],"about":[{"href":"https:\/\/behostels.com\/de\/wp-json\/wp\/v2\/types\/page"}],"author":[{"embeddable":true,"href":"https:\/\/behostels.com\/de\/wp-json\/wp\/v2\/users\/1"}],"replies":[{"embeddable":true,"href":"https:\/\/behostels.com\/de\/wp-json\/wp\/v2\/comments?post=224"}],"version-history":[{"count":0,"href":"https:\/\/behostels.com\/de\/wp-json\/wp\/v2\/pages\/224\/revisions"}],"up":[{"embeddable":true,"href":"https:\/\/behostels.com\/de\/wp-json\/wp\/v2\/pages\/191"}],"wp:attachment":[{"href":"https:\/\/behostels.com\/de\/wp-json\/wp\/v2\/media?parent=224"}],"curies":[{"name":"wp","href":"https:\/\/api.w.org\/{rel}","templated":true}]}}