{"id":205,"date":"2015-06-10T12:29:04","date_gmt":"2015-06-10T12:29:04","guid":{"rendered":"https:\/\/behostels.com\/?page_id=205"},"modified":"2015-09-17T16:13:06","modified_gmt":"2015-09-17T16:13:06","slug":"lage","status":"publish","type":"page","link":"https:\/\/behostels.com\/de\/dream\/lage\/","title":{"rendered":"Be Dream Hostel Barcelona Lage"},"content":{"rendered":"<h2>Be Dream Hostel ist die perfekte Hostel neben dem Beach!<\/h2>\r\n\n<script type=\"widgetkit\/map\" data-id=\"wk-map69d11fc700941\" data-class=\" uk-img-preserve\" data-style=\"width:auto;height:600px;\">\n    {\"width\":\"auto\",\"height\":\"600\",\"maptypeid\":\"roadmap\",\"maptypecontrol\":false,\"mapctrl\":true,\"zoom\":\"16\",\"marker\":\"3\",\"marker_icon\":\"\",\"markercluster\":false,\"popup_max_width\":\"400\",\"zoomwheel\":false,\"draggable\":false,\"directions\":false,\"disabledefaultui\":false,\"styler_invert_lightness\":false,\"styler_hue\":\"\",\"styler_saturation\":0,\"styler_lightness\":0,\"styler_gamma\":0,\"media\":false,\"image_width\":\"auto\",\"image_height\":\"auto\",\"media_align\":\"top\",\"media_width\":\"1-4\",\"media_breakpoint\":\"medium\",\"media_border\":\"none\",\"media_overlay\":\"none\",\"overlay_animation\":\"fade\",\"media_animation\":\"none\",\"title\":false,\"content\":true,\"social_buttons\":true,\"title_size\":\"h4\",\"text_align\":\"left\",\"link\":true,\"link_style\":\"button\",\"link_text\":\"Read more\",\"link_target\":false,\"class\":\"\",\"markers\":[{\"lat\":41.444102,\"lng\":2.236906,\"icon\":\"\",\"title\":\"BE DREAM HOSTEL BARCELONA\",\"content\":\"\\n<div class=\\\"uk-text-left\\\">\\n\\n    \\n    \\n    \\n    \\n        <div class=\\\"uk-margin\\\"><img decoding=\\\"async\\\" src=\\\"\\\/wp-content\\\/uploads\\\/2015\\\/06\\\/be-dream-hostel.png\\\" style=\\\"height:36px ; width:auto;\\\" \\\/><br\\\/>\\n<p class=\\\"uk-text-small\\\">Ave. Alfonso XIII \\u2013 28 B,<br\\\/>\\n08912 Badalona, Barcelona \\u2013 Spain<br>\\nTel:(+34) 93 399 14 20 <br\\\/>\\ndream@behostels.com<br>\\n<\\\/p><\\\/div>\\n    \\n    \\n    \\n    \\n<\\\/div>\\n\"},{\"lat\":41.3775039,\"lng\":2.172548,\"icon\":\"\",\"title\":\"BE RAMBLAS HOTEL BARCELONA\",\"content\":\"\\n<div class=\\\"uk-text-left\\\">\\n\\n    \\n    \\n    \\n    \\n        <div class=\\\"uk-margin\\\"><img decoding=\\\"async\\\" src=\\\"\\\/wp-content\\\/uploads\\\/2015\\\/06\\\/be-ramblas-hotel-private-rooms.png\\\" style=\\\"height:36px ; width:auto;\\\"\\\/><br\\\/>\\n<p class=\\\"uk-text-small\\\">Carrer Nou de La Rambla 50<br>\\n08001 Barcelona-Spain<br>\\nTel:(+34) 93 442 3669<br>\\nramblas@behostels.com<br>\\n<\\\/p><\\\/div>\\n    \\n    \\n    \\n    \\n<\\\/div>\\n\"},{\"lat\":41.3773651,\"lng\":2.1701548999999,\"icon\":\"\",\"title\":\"BE MAR HOSTEL BARCELONA\",\"content\":\"\\n<div class=\\\"uk-text-left\\\">\\n\\n    \\n    \\n    \\n    \\n        <div class=\\\"uk-margin\\\"><img decoding=\\\"async\\\" src=\\\"\\\/wp-content\\\/uploads\\\/2015\\\/06\\\/be-mar-hostel.png\\\" style=\\\"height:36px ; width:auto;\\\" \\\/><br\\\/>\\n<p class=\\\"uk-text-small\\\">Carrer Sant Pau 80<br>\\n08001 Barcelona-Spain<br>\\nTel:(+34) 93 324 85 30<br>\\nmar@behostels.com<br>\\n<\\\/p><\\\/div>\\n    \\n    \\n    \\n    \\n<\\\/div>\\n\"},{\"lat\":41.3758458,\"lng\":2.1709845,\"icon\":\"\",\"title\":\"BE SOUND HOSTEL BARCELONA\",\"content\":\"\\n<div class=\\\"uk-text-left\\\">\\n\\n    \\n    \\n    \\n    \\n        <div class=\\\"uk-margin\\\"><img decoding=\\\"async\\\" src=\\\"\\\/wp-content\\\/uploads\\\/2015\\\/06\\\/be-sound-hostel.png\\\" style=\\\"height:36px ; width:auto;\\\" \\\/><br\\\/>\\n<p class=\\\"uk-text-small\\\">Carrer Nou de La Rambla 91<br>\\n08001 Barcelona-Spain<br>\\nTel:(+34) 93 185 0800<br>\\nsound@behostels.com<br>\\n<\\\/p><\\\/div>\\n    \\n    \\n    \\n    \\n<\\\/div>\\n\"},{\"lat\":41.3791501,\"lng\":2.1721979,\"icon\":\"\",\"title\":\"BE APARTMENTS BARCELONA\",\"content\":\"\\n<div class=\\\"uk-text-left\\\">\\n\\n    \\n    \\n    \\n    \\n        <div class=\\\"uk-margin\\\"><img decoding=\\\"async\\\" src=\\\"\\\/wp-content\\\/uploads\\\/2015\\\/06\\\/be-hostels-apartments-barcelona.png\\\" style=\\\"height:36px ; width:auto;\\\"  \\\/><br\\\/>\\n<p class=\\\"uk-text-small\\\">Carrer Sant Pau 29<br\\\/>\\n08001 Barcelona-Spain<br>\\nTel:(+34) 93 185 0800<br>\\nsound@behostels.com<br>\\n<\\\/p><\\\/div>\\n    \\n    \\n    \\n    \\n<\\\/div>\\n\"}],\"directionsText\":\"Get Directions\"}<\/script>\n\r\n<br>\r\n<ul class=\"rooms\">\r\n\t<li>5m bis zum strand<\/li>\r\n\t<li>2m bis zur metro station<\/li>\r\n\t<li>15 Minuten mit der Metro von den ber\u00fchmtesten Sehenw\u00fcrdigkeiten<\/li>\r\n\t<li>10m bis zur Sagrada Familia<\/li>\r\n\t<li>Superm\u00e4rkte nah bei<\/li>\r\n<\/ul>\r\n<div class=\"uk-text-center uk-margin\">\r\n<div class=\"download\">\r\n\t<a href=\"https:\/\/behostels.com\/wp-content\/uploads\/PDF-Be-Hostels-Dream.pdf\" target=\"_blank\"> \r\n\t\t<i class=\"uk-icon-file-pdf-o uk-icon-large\"><\/i>\r\n\t\t\t<strong>Laden<\/strong> sie sich die Karte &#8222;wie man zu uns gelangt&#8220; hier runter (Englische version)\r\n\t<\/a>\r\n<\/div>\r\n\t<\/div>\r\n&nbsp;\r\n\r\n<h2 class=\"fantasy\">Wie gelangt man zum <a href=\"http:\/\/www.behostels.com\/dream\" class=\"invisible\">Be Dream Hostel<\/a>?<\/h2>\r\n<p>Hallo Leute! Ihr kommt ganz einfach zum <a class=\"invisible\" href=\"http:\/\/www.behostels.com\/dream\">Be Dream Hostel<\/a>! Im Folgenden findet ihr Hinweise zur Anreise &#8211; je nachdem, wie oder wo ihr kommt. Eine gute Reise und bis bald in Badalona!\r\n<\/p>\r\n<p>\r\nDas Be Dream Hostel befindet sich dirket vor der Pep Ventura Metro Station, lila Linie (L2). Unser Hostel ist nur 15 Mintuen mit der Metro von den ber\u00fchmtesten Sehenw\u00fcrdigkeiten und Monumenten, die Barcelona zu bieten hat (z.B. Sagrada Familia von Gaudi) entfernt. Zun\u00e4chst ist auf jeden Fall das Wichtigste bei der Pep Ventura Metrostation anzukommen.\r\n<\/p>\r\n<p>\r\nSobald du bei der Pep Ventura Station angekommen bist, nimm den Avenida Alfonso XIII Ausgang. Wenn du au\u00dferhalb der Metrostation bist, laufe die Avenida Alfonso XIII geradeaus hinunter in Richtung eines orangefarbigen Zahnarztschildes. Das Hostel befindet sich gegen\u00fcber diesem Zahnartztschild, Avenida Alfonso XIII #28 B (siehe Bild).\r\n<\/p>\r\n\r\n&nbsp;\r\n\n<div  data-uk-scrollspy=\"{target:'> div > [data-uk-scrollspy-cls]', delay:300}\">\n\n\n    \n    <div class=\"uk-grid uk-text-left uk-flex-middle\" data-uk-grid-match data-uk-margin=\"{cls:'uk-margin-top'}\">\n\n                <div class=\"uk-width-medium-3-10 uk-text-center uk-invisible\"  data-uk-scrollspy-cls=\"uk-animation-fade uk-invisible\">\n            <div class=\"uk-overlay uk-overlay-hover uk-border-circle\"><img decoding=\"async\" src=\"\/wp-content\/uploads\/2015\/07\/aerobus-barcelona.jpg\" class=\"uk-border-circle uk-overlay-scale\" alt=\"Barcelona Flughafen\"><div class=\"uk-overlay-panel uk-overlay-background uk-overlay-icon uk-overlay-fade\"><\/div><\/div>        <\/div>\n        \n                <div class=\"uk-width-medium-7-10 uk-invisible\"  data-uk-scrollspy-cls=\"uk-animation-slide-right uk-invisible\">\n            <div class=\"uk-panel uk-panel-space uk-width-1-1\">\n\n                \n                                <h3 class=\"uk-panel-title\">\n\n                                            Barcelona Flughafen                    \n                    \n                <\/h3>\n                \n                                <div class=\"uk-margin\"><p>Wenn du vom Barcelona Flughafen kommst, soltest du den Aerobus in Richting Stadtzentrum nehmen. Steige am Plaza Universitat aus und steige dort in die Metro. Nimm die lila Linie (L2) in Richtung Badalona und steige Station Pep Ventura aus. Pep Ventura is die Haltestelle vom Hostel.<strong><a title=\"Barcelona Transport\" href=\"http:\/\/behostels.com\/barcelona-transport-system-how-to-get-be-hostels\/\"> Prices and Timetable Here<\/a><\/strong><\/p><\/div>\n                \n                \n                \n            <\/div>\n        <\/div>\n        \n    <\/div>\n\n    \n\n    \n    <div class=\"uk-grid uk-text-left uk-flex-middle\" data-uk-grid-match data-uk-margin=\"{cls:'uk-margin-top'}\">\n\n                <div class=\"uk-width-medium-3-10 uk-text-center uk-float-right uk-flex-order-last-medium uk-invisible\"  data-uk-scrollspy-cls=\"uk-animation-fade uk-invisible\">\n            <div class=\"uk-overlay uk-overlay-hover uk-border-circle\"><img decoding=\"async\" src=\"\/wp-content\/uploads\/2015\/07\/shuttle-girona-airport.jpg\" class=\"uk-border-circle uk-overlay-scale\" alt=\"Girona Airport oder Estac\u00edo del Nord (Busse)\"><div class=\"uk-overlay-panel uk-overlay-background uk-overlay-icon uk-overlay-fade\"><\/div><\/div>        <\/div>\n        \n                <div class=\"uk-width-medium-7-10 uk-invisible\"  data-uk-scrollspy-cls=\"uk-animation-slide-left uk-invisible\">\n            <div class=\"uk-panel uk-panel-space uk-width-1-1\">\n\n                \n                                <h3 class=\"uk-panel-title\">\n\n                                            Girona Airport oder Estac\u00edo del Nord (Busse)                    \n                    \n                <\/h3>\n                \n                                <div class=\"uk-margin\"><p>Wenn du vom Girona Flughafen kommst, musst du den Bus nehmen, der dich zum Busbahnhof Estaci\u00f3 del Nord bringt. Die Fahrt dauert 1 Stunde und 15 Minuten. Solbald du Estac\u00edo del Nord angekommen bist, solltest du die rote Linie (L1) bei der Metrostaion Arc de Triompf in Richtung Fondo nehmen. Dort steigst du in die lila Linie (L2) um und nimmst den Zug in Richtung Badalona. Sobald du bei Metrostation Pep Ventura ankommst, bist du beim Hostel.<strong><a title=\"Barcelona Transport\" href=\"http:\/\/behostels.com\/barcelona-transport-system-how-to-get-be-hostels\/\"> Preise und Fahrplan Hier (Englische version)<\/a><\/strong><\/p><\/div>\n                \n                \n                \n            <\/div>\n        <\/div>\n        \n    <\/div>\n\n    \n\n<\/div>\n\r\n<div class=\"destacado\">\r\n<h2 class=\"fantasy\">Achten<\/h2>\r\n<ul>\r\n\t<li>Diese Information beinhaltet keine Preise. F\u00fcr weitere Informationen \u00fcber Preise und Details entnehmen Sie bitte<strong><a title=\"Barcelona Transport\" href=\"https:\/\/behostels.com\/barcelona-transport-system-how-to-get-be-hostels\/\"> Transportmittel in Barcelona<\/a><\/strong><\/li>\r\n<\/ul>\r\n<\/div>\r\n<div class=\"uk-grid\">\r\n\t<div class=\"uk-width-1-2 uk-container-center\">\r\n\n<div data-uk-slideshow=\"{autoplay: true ,autoplayInterval: 3000}\">\n\n    <div class=\"uk-slidenav-position\">\n\n        <ul class=\"uk-slideshow\">\n        \n            <li style=\"min-height: 100px;\">\n\n                \n                    <img decoding=\"async\" src=\"\/wp-content\/plugins\/widgetkit\/cache\/pic1-0702a17f4c7d02197c6adb9a5d5ea4cc.png\" alt=\"Pic1\" height=\"400\">\n                    \n                    \n                    \n                \n            <\/li>\n\n        \n            <li style=\"min-height: 100px;\">\n\n                \n                    <img decoding=\"async\" src=\"\/wp-content\/plugins\/widgetkit\/cache\/pic2-28a4ad5acab9863dd0757aa115a95c39.png\" alt=\"Pic2\" height=\"400\">\n                    \n                    \n                    \n                \n            <\/li>\n\n        \n            <li style=\"min-height: 100px;\">\n\n                \n                    <img decoding=\"async\" src=\"\/wp-content\/plugins\/widgetkit\/cache\/pic3-2708a0df01c2881fbe82aff523f2ee3a.png\" alt=\"Pic3\" height=\"400\">\n                    \n                    \n                    \n                \n            <\/li>\n\n        \n            <li style=\"min-height: 100px;\">\n\n                \n                    <img decoding=\"async\" src=\"\/wp-content\/plugins\/widgetkit\/cache\/pic4-9719e26af783f67dc40862ade9b82d27.png\" alt=\"Pic4\" height=\"400\">\n                    \n                    \n                    \n                \n            <\/li>\n\n        \n            <li style=\"min-height: 100px;\">\n\n                \n                    <img decoding=\"async\" src=\"\/wp-content\/plugins\/widgetkit\/cache\/pic5-b61d9d1806d4bcf57bd41eaddfe96509.png\" alt=\"Pic5\" height=\"400\">\n                    \n                    \n                    \n                \n            <\/li>\n\n        \n            <li style=\"min-height: 100px;\">\n\n                \n                    <img decoding=\"async\" src=\"\/wp-content\/plugins\/widgetkit\/cache\/pic6-322e0e57ed4161b2552fd3b883ca10e0.png\" alt=\"Pic6\" height=\"400\">\n                    \n                    \n                    \n                \n            <\/li>\n\n        \n            <li style=\"min-height: 100px;\">\n\n                \n                    <img decoding=\"async\" src=\"\/wp-content\/plugins\/widgetkit\/cache\/pic8-45cf1a4fde25da257bd39789adff6b67.png\" alt=\"Pic8\" height=\"400\">\n                    \n                    \n                    \n                \n            <\/li>\n\n                <\/ul>\n\n                <a href=\"#\" class=\"uk-slidenav uk-slidenav-contrast uk-slidenav-previous uk-hidden-touch\" data-uk-slideshow-item=\"previous\"><\/a>\n        <a href=\"#\" class=\"uk-slidenav uk-slidenav-contrast uk-slidenav-next uk-hidden-touch\" data-uk-slideshow-item=\"next\"><\/a>\n        \n                <div class=\"uk-overlay-panel uk-overlay-bottom\">\n            \n<ul class=\"uk-dotnav uk-dotnav-contrast uk-flex-center\">\n    <li data-uk-slideshow-item=\"0\"><a href=\"#\">Pic1<\/a><\/li>\n    <li data-uk-slideshow-item=\"1\"><a href=\"#\">Pic2<\/a><\/li>\n    <li data-uk-slideshow-item=\"2\"><a href=\"#\">Pic3<\/a><\/li>\n    <li data-uk-slideshow-item=\"3\"><a href=\"#\">Pic4<\/a><\/li>\n    <li data-uk-slideshow-item=\"4\"><a href=\"#\">Pic5<\/a><\/li>\n    <li data-uk-slideshow-item=\"5\"><a href=\"#\">Pic6<\/a><\/li>\n    <li data-uk-slideshow-item=\"6\"><a href=\"#\">Pic8<\/a><\/li>\n<\/ul>\n        <\/div>\n        \n    <\/div>\n\n    \n<\/div>\n\r\n\t<\/div>\r\n<\/div>","protected":false},"excerpt":{"rendered":"<p>Be Dream Hostel ist die perfekte Hostel neben dem Beach! 5m bis zum strand 2m bis zur metro station 15 Minuten mit der Metro von den ber\u00fchmtesten Sehenw\u00fcrdigkeiten 10m bis zur Sagrada Familia Superm\u00e4rkte nah bei Laden sie sich die Karte &#8222;wie man zu uns gelangt&#8220; hier runter (Englische version) &nbsp; Wie gelangt man zum [&hellip;]<\/p>\n","protected":false},"author":1,"featured_media":0,"parent":191,"menu_order":0,"comment_status":"closed","ping_status":"open","template":"","meta":{"footnotes":""},"yoast_head":"<!-- This site is optimized with the Yoast SEO plugin v22.7 - https:\/\/yoast.com\/wordpress\/plugins\/seo\/ -->\n<title>Lage Be Dream Hostel sehr nahe am Strand von Barcelona<\/title>\n<meta name=\"description\" content=\"Bleibe in Barcelona in Be Dream Hostel, sehr nahe am Strand, sch\u00f6nen Gegend von Badalona, \u200b\u200bgut gelegen in der N\u00e4he!\" \/>\n<meta name=\"robots\" content=\"index, follow, max-snippet:-1, max-image-preview:large, max-video-preview:-1\" \/>\n<link rel=\"canonical\" href=\"https:\/\/behostels.com\/de\/dream\/lage\/\" \/>\n<meta property=\"og:locale\" content=\"de_DE\" \/>\n<meta property=\"og:type\" content=\"article\" \/>\n<meta property=\"og:title\" content=\"Lage Be Dream Hostel sehr nahe am Strand von Barcelona\" \/>\n<meta property=\"og:description\" content=\"Bleibe in Barcelona in Be Dream Hostel, sehr nahe am Strand, sch\u00f6nen Gegend von Badalona, \u200b\u200bgut gelegen in der N\u00e4he!\" \/>\n<meta property=\"og:url\" content=\"https:\/\/behostels.com\/de\/dream\/lage\/\" \/>\n<meta property=\"og:site_name\" content=\"Be Hostels\" \/>\n<meta property=\"article:modified_time\" content=\"2015-09-17T16:13:06+00:00\" \/>\n<meta name=\"twitter:card\" content=\"summary_large_image\" \/>\n<meta name=\"twitter:label1\" content=\"Gesch\u00e4tzte Lesezeit\" \/>\n\t<meta name=\"twitter:data1\" content=\"1\u00a0Minute\" \/>\n<script type=\"application\/ld+json\" class=\"yoast-schema-graph\">{\"@context\":\"https:\/\/schema.org\",\"@graph\":[{\"@type\":\"WebPage\",\"@id\":\"https:\/\/behostels.com\/de\/dream\/lage\/\",\"url\":\"https:\/\/behostels.com\/de\/dream\/lage\/\",\"name\":\"Lage Be Dream Hostel sehr nahe am Strand von Barcelona\",\"isPartOf\":{\"@id\":\"https:\/\/behostels.com\/de\/#website\"},\"datePublished\":\"2015-06-10T12:29:04+00:00\",\"dateModified\":\"2015-09-17T16:13:06+00:00\",\"description\":\"Bleibe in Barcelona in Be Dream Hostel, sehr nahe am Strand, sch\u00f6nen Gegend von Badalona, \u200b\u200bgut gelegen in der N\u00e4he!\",\"breadcrumb\":{\"@id\":\"https:\/\/behostels.com\/de\/dream\/lage\/#breadcrumb\"},\"inLanguage\":\"de\",\"potentialAction\":[{\"@type\":\"ReadAction\",\"target\":[\"https:\/\/behostels.com\/de\/dream\/lage\/\"]}]},{\"@type\":\"BreadcrumbList\",\"@id\":\"https:\/\/behostels.com\/de\/dream\/lage\/#breadcrumb\",\"itemListElement\":[{\"@type\":\"ListItem\",\"position\":1,\"name\":\"Home\",\"item\":\"https:\/\/behostels.com\/de\/\"},{\"@type\":\"ListItem\",\"position\":2,\"name\":\"Be Dream Hostel Barcelona\",\"item\":\"https:\/\/behostels.com\/de\/dream\/\"},{\"@type\":\"ListItem\",\"position\":3,\"name\":\"Be Dream Hostel Barcelona Lage\"}]},{\"@type\":\"WebSite\",\"@id\":\"https:\/\/behostels.com\/de\/#website\",\"url\":\"https:\/\/behostels.com\/de\/\",\"name\":\"Be Hostels\",\"description\":\"\",\"publisher\":{\"@id\":\"https:\/\/behostels.com\/de\/#organization\"},\"potentialAction\":[{\"@type\":\"SearchAction\",\"target\":{\"@type\":\"EntryPoint\",\"urlTemplate\":\"https:\/\/behostels.com\/de\/?s={search_term_string}\"},\"query-input\":\"required name=search_term_string\"}],\"inLanguage\":\"de\"},{\"@type\":\"Organization\",\"@id\":\"https:\/\/behostels.com\/de\/#organization\",\"name\":\"Be Hostels\",\"url\":\"https:\/\/behostels.com\/de\/\",\"logo\":{\"@type\":\"ImageObject\",\"inLanguage\":\"de\",\"@id\":\"https:\/\/behostels.com\/de\/#\/schema\/logo\/image\/\",\"url\":\"https:\/\/behostels.com\/wp-content\/uploads\/2015\/06\/be_reservations_logo.jpg\",\"contentUrl\":\"https:\/\/behostels.com\/wp-content\/uploads\/2015\/06\/be_reservations_logo.jpg\",\"width\":130,\"height\":130,\"caption\":\"Be Hostels\"},\"image\":{\"@id\":\"https:\/\/behostels.com\/de\/#\/schema\/logo\/image\/\"}}]}<\/script>\n<!-- \/ Yoast SEO plugin. -->","yoast_head_json":{"title":"Lage Be Dream Hostel sehr nahe am Strand von Barcelona","description":"Bleibe in Barcelona in Be Dream Hostel, sehr nahe am Strand, sch\u00f6nen Gegend von Badalona, \u200b\u200bgut gelegen in der N\u00e4he!","robots":{"index":"index","follow":"follow","max-snippet":"max-snippet:-1","max-image-preview":"max-image-preview:large","max-video-preview":"max-video-preview:-1"},"canonical":"https:\/\/behostels.com\/de\/dream\/lage\/","og_locale":"de_DE","og_type":"article","og_title":"Lage Be Dream Hostel sehr nahe am Strand von Barcelona","og_description":"Bleibe in Barcelona in Be Dream Hostel, sehr nahe am Strand, sch\u00f6nen Gegend von Badalona, \u200b\u200bgut gelegen in der N\u00e4he!","og_url":"https:\/\/behostels.com\/de\/dream\/lage\/","og_site_name":"Be Hostels","article_modified_time":"2015-09-17T16:13:06+00:00","twitter_card":"summary_large_image","twitter_misc":{"Gesch\u00e4tzte Lesezeit":"1\u00a0Minute"},"schema":{"@context":"https:\/\/schema.org","@graph":[{"@type":"WebPage","@id":"https:\/\/behostels.com\/de\/dream\/lage\/","url":"https:\/\/behostels.com\/de\/dream\/lage\/","name":"Lage Be Dream Hostel sehr nahe am Strand von Barcelona","isPartOf":{"@id":"https:\/\/behostels.com\/de\/#website"},"datePublished":"2015-06-10T12:29:04+00:00","dateModified":"2015-09-17T16:13:06+00:00","description":"Bleibe in Barcelona in Be Dream Hostel, sehr nahe am Strand, sch\u00f6nen Gegend von Badalona, \u200b\u200bgut gelegen in der N\u00e4he!","breadcrumb":{"@id":"https:\/\/behostels.com\/de\/dream\/lage\/#breadcrumb"},"inLanguage":"de","potentialAction":[{"@type":"ReadAction","target":["https:\/\/behostels.com\/de\/dream\/lage\/"]}]},{"@type":"BreadcrumbList","@id":"https:\/\/behostels.com\/de\/dream\/lage\/#breadcrumb","itemListElement":[{"@type":"ListItem","position":1,"name":"Home","item":"https:\/\/behostels.com\/de\/"},{"@type":"ListItem","position":2,"name":"Be Dream Hostel Barcelona","item":"https:\/\/behostels.com\/de\/dream\/"},{"@type":"ListItem","position":3,"name":"Be Dream Hostel Barcelona Lage"}]},{"@type":"WebSite","@id":"https:\/\/behostels.com\/de\/#website","url":"https:\/\/behostels.com\/de\/","name":"Be Hostels","description":"","publisher":{"@id":"https:\/\/behostels.com\/de\/#organization"},"potentialAction":[{"@type":"SearchAction","target":{"@type":"EntryPoint","urlTemplate":"https:\/\/behostels.com\/de\/?s={search_term_string}"},"query-input":"required name=search_term_string"}],"inLanguage":"de"},{"@type":"Organization","@id":"https:\/\/behostels.com\/de\/#organization","name":"Be Hostels","url":"https:\/\/behostels.com\/de\/","logo":{"@type":"ImageObject","inLanguage":"de","@id":"https:\/\/behostels.com\/de\/#\/schema\/logo\/image\/","url":"https:\/\/behostels.com\/wp-content\/uploads\/2015\/06\/be_reservations_logo.jpg","contentUrl":"https:\/\/behostels.com\/wp-content\/uploads\/2015\/06\/be_reservations_logo.jpg","width":130,"height":130,"caption":"Be Hostels"},"image":{"@id":"https:\/\/behostels.com\/de\/#\/schema\/logo\/image\/"}}]}},"_links":{"self":[{"href":"https:\/\/behostels.com\/de\/wp-json\/wp\/v2\/pages\/205"}],"collection":[{"href":"https:\/\/behostels.com\/de\/wp-json\/wp\/v2\/pages"}],"about":[{"href":"https:\/\/behostels.com\/de\/wp-json\/wp\/v2\/types\/page"}],"author":[{"embeddable":true,"href":"https:\/\/behostels.com\/de\/wp-json\/wp\/v2\/users\/1"}],"replies":[{"embeddable":true,"href":"https:\/\/behostels.com\/de\/wp-json\/wp\/v2\/comments?post=205"}],"version-history":[{"count":0,"href":"https:\/\/behostels.com\/de\/wp-json\/wp\/v2\/pages\/205\/revisions"}],"up":[{"embeddable":true,"href":"https:\/\/behostels.com\/de\/wp-json\/wp\/v2\/pages\/191"}],"wp:attachment":[{"href":"https:\/\/behostels.com\/de\/wp-json\/wp\/v2\/media?parent=205"}],"curies":[{"name":"wp","href":"https:\/\/api.w.org\/{rel}","templated":true}]}}