{"id":191,"date":"2015-06-10T12:19:16","date_gmt":"2015-06-10T12:19:16","guid":{"rendered":"https:\/\/behostels.com\/?page_id=191"},"modified":"2015-07-08T17:37:14","modified_gmt":"2015-07-08T17:37:14","slug":"dream","status":"publish","type":"page","link":"https:\/\/behostels.com\/de\/dream\/","title":{"rendered":"Be Dream Hostel Barcelona"},"content":{"rendered":"<h2>Reisende aus der ganzen Welt, macht euch bereit! Be Hostels bietet euch das Be Dream Hostel, von dessen Standort aus man perfekt Barcelona entdecken, plus einen tollen Strand geniessen kann! Was will man mehr?<\/h2>\r\n\n\n<div id=\"wk-grid340\" class=\"uk-grid-width-1-1 uk-grid-width-medium-1-3 uk-grid uk-grid-match uk-grid-medium uk-text-center \" data-uk-grid-match=\"{target:'> div > .uk-panel', row:true}\" data-uk-grid-margin  data-uk-scrollspy=\"{cls:'uk-animation-fade uk-invisible', target:'> div > .uk-panel', delay:300}\">\n\n\n    <div>\n        <div class=\"uk-panel uk-invisible\">\n\n            \n            \n                        <div class=\"uk-text-center uk-panel-teaser\"><div class=\"uk-overlay uk-overlay-hover uk-border-circle\"><img loading=\"lazy\" decoding=\"async\" src=\"\/wp-content\/uploads\/2015\/07\/be-hostels-badalona-beach.jpg\" class=\"uk-border-circle uk-overlay-scale\" alt=\"Genie\u00dfen Sie ein Hostel in der N\u00e4he des Strand\" width=\"359\" height=\"359\"><div class=\"uk-overlay-panel uk-overlay-background uk-overlay-icon uk-overlay-fade\"><\/div><a class=\"uk-position-cover\" href=\"http:\/\/behostels.com\/de\/dream\/lage\/\" title=\"Genie\u00dfen Sie ein Hostel in der N\u00e4he des Strand\"><\/a><\/div><\/div>\n            \n            \n            \n            \n            \n                        <div class=\"uk-margin\">Genie\u00dfen Sie ein Hostel in der N\u00e4he des Strand<\/div>\n            \n            \n            \n            \n        <\/div>\n    <\/div>\n\n\n    <div>\n        <div class=\"uk-panel uk-invisible\">\n\n            \n            \n                        <div class=\"uk-text-center uk-panel-teaser\"><div class=\"uk-overlay uk-overlay-hover uk-border-circle\"><img loading=\"lazy\" decoding=\"async\" src=\"\/wp-content\/uploads\/2015\/07\/be-dream-barcelona-hostel-rooms-and-dorms.jpg\" class=\"uk-border-circle uk-overlay-scale\" alt=\"W\u00e4hlen Sie Ihre Dorm\" width=\"613\" height=\"613\"><div class=\"uk-overlay-panel uk-overlay-background uk-overlay-icon uk-overlay-fade\"><\/div><a class=\"uk-position-cover\" href=\"http:\/\/behostels.com\/de\/dream\/zimmer\/\" title=\"W\u00e4hlen Sie Ihre Dorm\"><\/a><\/div><\/div>\n            \n            \n            \n            \n            \n                        <div class=\"uk-margin\">W\u00e4hlen Sie Ihre Dorm<\/div>\n            \n            \n            \n            \n        <\/div>\n    <\/div>\n\n\n    <div>\n        <div class=\"uk-panel uk-invisible\">\n\n            \n            \n                        <div class=\"uk-text-center uk-panel-teaser\"><div class=\"uk-overlay uk-overlay-hover uk-border-circle\"><img loading=\"lazy\" decoding=\"async\" src=\"\/wp-content\/uploads\/2015\/07\/be-dream-barcelona-hostel-private-rooms.jpg\" class=\"uk-border-circle uk-overlay-scale\" alt=\"W\u00e4hlen Sie Ihre Doppelzimmer\" width=\"900\" height=\"900\"><div class=\"uk-overlay-panel uk-overlay-background uk-overlay-icon uk-overlay-fade\"><\/div><a class=\"uk-position-cover\" href=\"http:\/\/behostels.com\/de\/dream\/zimmer\/\" title=\"W\u00e4hlen Sie Ihre Doppelzimmer\"><\/a><\/div><\/div>\n            \n            \n            \n            \n            \n                        <div class=\"uk-margin\">W\u00e4hlen Sie Ihre Doppelzimmer<\/div>\n            \n            \n            \n            \n        <\/div>\n    <\/div>\n\n\n<\/div>\n\n<script>\n(function($){\n\n    \/\/ get the images of the gallery and replace it by a canvas of the same size to fix the problem with overlapping images on load.\n    $('img[width][height]:not(.uk-overlay-panel)', $('#wk-grid340')).each(function() {\n\n        var $img = $(this);\n\n        if (this.width == 'auto' || this.height == 'auto' || !$img.is(':visible')) {\n            return;\n        }\n\n        var $canvas = $('<canvas class=\"uk-responsive-width\"><\/canvas>').attr({width:$img.attr('width'), height:$img.attr('height')}),\n            img = new Image,\n            release = function() {\n                $canvas.remove();\n                $img.css('display', '');\n                release = function(){};\n            };\n\n        $img.css('display', 'none').after($canvas);\n\n        $(img).on('load', function(){ release(); });\n        setTimeout(function(){ release(); }, 1000);\n\n        img.src = this.src;\n\n    });\n\n})(jQuery);\n<\/script>\n\r\n<h3 style=\"text-align: left;\">Der idealer Ort um sich zu entspannen, Leute zu treffen und neue Freunde zu finden. Hier kann man den sch\u00f6nen und ruhigeren Stadtteil entdecken, in dem wir uns befinden. Vom Hostel erreicht man mit der Metro bequem und schnell ins Zentrum gelangen , in nur 15 \u2013 20 Minuten hat man das Stadtzentrum erreicht!<\/h3>\r\n\r\n<h3 class=\"fantasy\">Be Dream Hostel bietet Euch folgendes:<\/h3>\r\n<div class=\"uk-grid\">\r\n<div class=\"uk-width-large-1-2 uk-width-medium-1-2 uk-width-small-1-1\">\r\n<ul\r\n\t<li>Gratis Spaziergang<\/li>\r\n\t<li>Gratis Internt and den computer<\/li>\r\n\t<li>Gratis Wifi<\/li>\r\n\t<li>Gratis Elektronischer Schrank f\u00fcr jedes Bett<\/li>\r\n\t<li>Gratis Stadtplan<\/li>\r\n\t<li>K\u00fcche f\u00fcr Reisende verf\u00fcgbar<\/li>\r\n\t<li>24-Stunden Rezeption<\/li>\r\n\t<li>\u00c4ussere Halle mit Sofas, Sonnenbette und Ping Pong Tisch<\/li>\r\n\t<li>Tv Raum mit DVD, Nintendo Wii und Tischspiele<\/li>\r\n<\/ul>\r\n<\/div>\r\n<div class=\"uk-width-large-1-2 uk-width-medium-1-2 uk-width-small-1-1\">\r\n<ul>\r\n\t<li>Sch\u00f6ner Aufenthaltsraum<\/li>\r\n\t<li>Klimaanlage und Heizung<\/li>\r\n\t<li>Aktivit\u00e4ten jeden Tag organisiert<\/li>\r\n\t<li>Tapas und Flamenco, kulturelle Ausfl\u00fcge,Kneipentouren, etc ..<\/li>\r\n\t<li>Internationale und lokale Rezeptionisten immer hilfsbereit<\/li>\r\n\t<li>Schlie\u00dffach f\u00fcr Ihr Gep\u00e4ck nach dem Check-out<\/li>\r\n\t<li>Waschmaschine und Trockner M\u00fcnze<\/li>\r\n\t<li>Bettw\u00e4sche und Handt\u00fccher f\u00fcr 2,5 \u20ac<\/li>\r\n\t<li>Parkplatz f\u00fcr Fahrr\u00e4der<\/li>\r\n<\/ul>\r\n<\/div>\r\n<\/div>\r\n","protected":false},"excerpt":{"rendered":"<p>Reisende aus der ganzen Welt, macht euch bereit! Be Hostels bietet euch das Be Dream Hostel, von dessen Standort aus man perfekt Barcelona entdecken, plus einen tollen Strand geniessen kann! Was will man mehr? Der idealer Ort um sich zu entspannen, Leute zu treffen und neue Freunde zu finden. Hier kann man den sch\u00f6nen und [&hellip;]<\/p>\n","protected":false},"author":1,"featured_media":0,"parent":0,"menu_order":0,"comment_status":"closed","ping_status":"closed","template":"","meta":{"footnotes":""},"yoast_head":"<!-- This site is optimized with the Yoast SEO plugin v22.7 - https:\/\/yoast.com\/wordpress\/plugins\/seo\/ -->\n<title>Be Dream Hostel Barcelona ist neben dem Strand<\/title>\n<meta name=\"description\" content=\"Entscheidet euch f\u00fcr das Be Dream Hostel und geniesst die Lage direkt neben dem Strand. Nur 15 Minuten vom Zentrum mit der Metro.\" \/>\n<meta name=\"robots\" content=\"index, follow, max-snippet:-1, max-image-preview:large, max-video-preview:-1\" \/>\n<link rel=\"canonical\" href=\"https:\/\/behostels.com\/de\/dream\/\" \/>\n<meta property=\"og:locale\" content=\"de_DE\" \/>\n<meta property=\"og:type\" content=\"article\" \/>\n<meta property=\"og:title\" content=\"Be Dream Hostel Barcelona ist neben dem Strand\" \/>\n<meta property=\"og:description\" content=\"Entscheidet euch f\u00fcr das Be Dream Hostel und geniesst die Lage direkt neben dem Strand. Nur 15 Minuten vom Zentrum mit der Metro.\" \/>\n<meta property=\"og:url\" content=\"https:\/\/behostels.com\/de\/dream\/\" \/>\n<meta property=\"og:site_name\" content=\"Be Hostels\" \/>\n<meta property=\"article:modified_time\" content=\"2015-07-08T17:37:14+00:00\" \/>\n<meta name=\"twitter:card\" content=\"summary_large_image\" \/>\n<script type=\"application\/ld+json\" class=\"yoast-schema-graph\">{\"@context\":\"https:\/\/schema.org\",\"@graph\":[{\"@type\":\"WebPage\",\"@id\":\"https:\/\/behostels.com\/de\/dream\/\",\"url\":\"https:\/\/behostels.com\/de\/dream\/\",\"name\":\"Be Dream Hostel Barcelona ist neben dem Strand\",\"isPartOf\":{\"@id\":\"https:\/\/behostels.com\/de\/#website\"},\"datePublished\":\"2015-06-10T12:19:16+00:00\",\"dateModified\":\"2015-07-08T17:37:14+00:00\",\"description\":\"Entscheidet euch f\u00fcr das Be Dream Hostel und geniesst die Lage direkt neben dem Strand. Nur 15 Minuten vom Zentrum mit der Metro.\",\"breadcrumb\":{\"@id\":\"https:\/\/behostels.com\/de\/dream\/#breadcrumb\"},\"inLanguage\":\"de\",\"potentialAction\":[{\"@type\":\"ReadAction\",\"target\":[\"https:\/\/behostels.com\/de\/dream\/\"]}]},{\"@type\":\"BreadcrumbList\",\"@id\":\"https:\/\/behostels.com\/de\/dream\/#breadcrumb\",\"itemListElement\":[{\"@type\":\"ListItem\",\"position\":1,\"name\":\"Home\",\"item\":\"https:\/\/behostels.com\/de\/\"},{\"@type\":\"ListItem\",\"position\":2,\"name\":\"Be Dream Hostel Barcelona\"}]},{\"@type\":\"WebSite\",\"@id\":\"https:\/\/behostels.com\/de\/#website\",\"url\":\"https:\/\/behostels.com\/de\/\",\"name\":\"Be Hostels\",\"description\":\"\",\"publisher\":{\"@id\":\"https:\/\/behostels.com\/de\/#organization\"},\"potentialAction\":[{\"@type\":\"SearchAction\",\"target\":{\"@type\":\"EntryPoint\",\"urlTemplate\":\"https:\/\/behostels.com\/de\/?s={search_term_string}\"},\"query-input\":\"required name=search_term_string\"}],\"inLanguage\":\"de\"},{\"@type\":\"Organization\",\"@id\":\"https:\/\/behostels.com\/de\/#organization\",\"name\":\"Be Hostels\",\"url\":\"https:\/\/behostels.com\/de\/\",\"logo\":{\"@type\":\"ImageObject\",\"inLanguage\":\"de\",\"@id\":\"https:\/\/behostels.com\/de\/#\/schema\/logo\/image\/\",\"url\":\"https:\/\/behostels.com\/wp-content\/uploads\/2015\/06\/be_reservations_logo.jpg\",\"contentUrl\":\"https:\/\/behostels.com\/wp-content\/uploads\/2015\/06\/be_reservations_logo.jpg\",\"width\":130,\"height\":130,\"caption\":\"Be Hostels\"},\"image\":{\"@id\":\"https:\/\/behostels.com\/de\/#\/schema\/logo\/image\/\"}}]}<\/script>\n<!-- \/ Yoast SEO plugin. -->","yoast_head_json":{"title":"Be Dream Hostel Barcelona ist neben dem Strand","description":"Entscheidet euch f\u00fcr das Be Dream Hostel und geniesst die Lage direkt neben dem Strand. Nur 15 Minuten vom Zentrum mit der Metro.","robots":{"index":"index","follow":"follow","max-snippet":"max-snippet:-1","max-image-preview":"max-image-preview:large","max-video-preview":"max-video-preview:-1"},"canonical":"https:\/\/behostels.com\/de\/dream\/","og_locale":"de_DE","og_type":"article","og_title":"Be Dream Hostel Barcelona ist neben dem Strand","og_description":"Entscheidet euch f\u00fcr das Be Dream Hostel und geniesst die Lage direkt neben dem Strand. Nur 15 Minuten vom Zentrum mit der Metro.","og_url":"https:\/\/behostels.com\/de\/dream\/","og_site_name":"Be Hostels","article_modified_time":"2015-07-08T17:37:14+00:00","twitter_card":"summary_large_image","schema":{"@context":"https:\/\/schema.org","@graph":[{"@type":"WebPage","@id":"https:\/\/behostels.com\/de\/dream\/","url":"https:\/\/behostels.com\/de\/dream\/","name":"Be Dream Hostel Barcelona ist neben dem Strand","isPartOf":{"@id":"https:\/\/behostels.com\/de\/#website"},"datePublished":"2015-06-10T12:19:16+00:00","dateModified":"2015-07-08T17:37:14+00:00","description":"Entscheidet euch f\u00fcr das Be Dream Hostel und geniesst die Lage direkt neben dem Strand. Nur 15 Minuten vom Zentrum mit der Metro.","breadcrumb":{"@id":"https:\/\/behostels.com\/de\/dream\/#breadcrumb"},"inLanguage":"de","potentialAction":[{"@type":"ReadAction","target":["https:\/\/behostels.com\/de\/dream\/"]}]},{"@type":"BreadcrumbList","@id":"https:\/\/behostels.com\/de\/dream\/#breadcrumb","itemListElement":[{"@type":"ListItem","position":1,"name":"Home","item":"https:\/\/behostels.com\/de\/"},{"@type":"ListItem","position":2,"name":"Be Dream Hostel Barcelona"}]},{"@type":"WebSite","@id":"https:\/\/behostels.com\/de\/#website","url":"https:\/\/behostels.com\/de\/","name":"Be Hostels","description":"","publisher":{"@id":"https:\/\/behostels.com\/de\/#organization"},"potentialAction":[{"@type":"SearchAction","target":{"@type":"EntryPoint","urlTemplate":"https:\/\/behostels.com\/de\/?s={search_term_string}"},"query-input":"required name=search_term_string"}],"inLanguage":"de"},{"@type":"Organization","@id":"https:\/\/behostels.com\/de\/#organization","name":"Be Hostels","url":"https:\/\/behostels.com\/de\/","logo":{"@type":"ImageObject","inLanguage":"de","@id":"https:\/\/behostels.com\/de\/#\/schema\/logo\/image\/","url":"https:\/\/behostels.com\/wp-content\/uploads\/2015\/06\/be_reservations_logo.jpg","contentUrl":"https:\/\/behostels.com\/wp-content\/uploads\/2015\/06\/be_reservations_logo.jpg","width":130,"height":130,"caption":"Be Hostels"},"image":{"@id":"https:\/\/behostels.com\/de\/#\/schema\/logo\/image\/"}}]}},"_links":{"self":[{"href":"https:\/\/behostels.com\/de\/wp-json\/wp\/v2\/pages\/191"}],"collection":[{"href":"https:\/\/behostels.com\/de\/wp-json\/wp\/v2\/pages"}],"about":[{"href":"https:\/\/behostels.com\/de\/wp-json\/wp\/v2\/types\/page"}],"author":[{"embeddable":true,"href":"https:\/\/behostels.com\/de\/wp-json\/wp\/v2\/users\/1"}],"replies":[{"embeddable":true,"href":"https:\/\/behostels.com\/de\/wp-json\/wp\/v2\/comments?post=191"}],"version-history":[{"count":0,"href":"https:\/\/behostels.com\/de\/wp-json\/wp\/v2\/pages\/191\/revisions"}],"wp:attachment":[{"href":"https:\/\/behostels.com\/de\/wp-json\/wp\/v2\/media?parent=191"}],"curies":[{"name":"wp","href":"https:\/\/api.w.org\/{rel}","templated":true}]}}