{"id":175,"date":"2015-06-09T16:11:03","date_gmt":"2015-06-09T16:11:03","guid":{"rendered":"https:\/\/behostels.com\/?page_id=175"},"modified":"2015-09-17T15:42:57","modified_gmt":"2015-09-17T15:42:57","slug":"ausstattung","status":"publish","type":"page","link":"https:\/\/behostels.com\/de\/sound\/ausstattung\/","title":{"rendered":"Wir bieten Ihnen die besten Einrichtungen im Be Sound Hostel Barcelona"},"content":{"rendered":"<h2 class=\"fantasy\">Alle gro\u00dfen und kostenlosen Aktivit\u00e4ten, die du in Be Sound Hostel, um dir Aufenthalt in Barcelona genie\u00dfen kannst! Gleich nach dem einchecken im unsere G\u00e4ste verf\u00fcgen \u00fcber:<\/h2>\r\n<div class=\"uk-grid\">\r\n<div class=\"uk-width-large-1-2 uk-width-medium-1-2 uk-width-small-1-1\">\r\n<ul>\r\n\t<li>Gratis Spaziergang<\/li>\r\n\t<li>Gratis Internt and den computer<\/li>\r\n\t<li>Gratis Wifi<\/li>\r\n\t<li>Gratis Elektronischer Schrank f\u00fcr jedes Bett<\/li>\r\n\t<li>Gratis Stadtplan<\/li>\r\n\t<li>K\u00fcche f\u00fcr Reisende verf\u00fcgbar<\/li>\r\n        <li>Aktivit\u00e4ten jeden Tag organisiert<\/li>\r\n\t<li>24-Stunden Rezeption<\/li>\r\n\t\r\n<\/ul>\r\n<\/div>\r\n<div class=\"uk-width-large-1-2 uk-width-medium-1-2 uk-width-small-1-1\">\r\n<ul>\r\n\t<li>Herrliche Terrasse<\/li>\r\n        <li>Sch\u00f6ner Aufenthaltsraum<\/li>\r\n\t<li>Klimaanlage und Heizung<\/li>\r\n\t<li>Tapas und Flamenco, kulturelle Ausfl\u00fcge und Kneipentouren<\/li>\r\n\t<li>Internationale und lokale Rezeptionisten immer hilfsbereit<\/li>\r\n\t<li>Schlie\u00dffach f\u00fcr Ihr Gep\u00e4ck nach dem Check-out<\/li>\r\n\t<li>Waschmaschine und Trockner M\u00fcnze<\/li>\r\n\t<li>Bettw\u00e4sche und Handt\u00fccher f\u00fcr 2,5 \u20ac<\/li>\r\n\t<li>Parkplatz f\u00fcr Fahrr\u00e4der<\/li>\r\n<\/ul>\r\n<\/div>\r\n<\/div>\r\n<br \/>\r\n<br \/>\r\n<iframe loading=\"lazy\" width=\"920\" height=\"600\" frameborder=\"0\" scrolling=\"no\" marginheight=\"0\" marginwidth=\"0\" src=\"https:\/\/www.google.es\/maps?q=be+sound+hostel&amp;layer=c&amp;sll=41.375885,2.171036&amp;cid=17286067778879946973&amp;panoid=XObqsOZxnYAAAAQIt85OOw&amp;cbp=13,303.51,,0,0.47&amp;ie=UTF8&amp;hq=be+sound+hostel&amp;hnear=&amp;t=m&amp;cbll=41.375784,2.171174&amp;source=embed&amp;ll=41.373,2.171173&amp;spn=0.009661,0.019741&amp;z=16&amp;output=svembed\"><\/iframe>","protected":false},"excerpt":{"rendered":"<p>Alle gro\u00dfen und kostenlosen Aktivit\u00e4ten, die du in Be Sound Hostel, um dir Aufenthalt in Barcelona genie\u00dfen kannst! Gleich nach dem einchecken im unsere G\u00e4ste verf\u00fcgen \u00fcber: Gratis Spaziergang Gratis Internt and den computer Gratis Wifi Gratis Elektronischer Schrank f\u00fcr jedes Bett Gratis Stadtplan K\u00fcche f\u00fcr Reisende verf\u00fcgbar Aktivit\u00e4ten jeden Tag organisiert 24-Stunden Rezeption Herrliche [&hellip;]<\/p>\n","protected":false},"author":1,"featured_media":0,"parent":126,"menu_order":0,"comment_status":"closed","ping_status":"open","template":"","meta":{"footnotes":""},"yoast_head":"<!-- This site is optimized with the Yoast SEO plugin v22.7 - https:\/\/yoast.com\/wordpress\/plugins\/seo\/ -->\n<title>Ausstattung Be Sound Hostel<\/title>\n<meta name=\"description\" content=\"Hier finden Sie alles was Sie brauchen bei Be Sound Hostel in Barcelona!\" \/>\n<meta name=\"robots\" content=\"index, follow, max-snippet:-1, max-image-preview:large, max-video-preview:-1\" \/>\n<link rel=\"canonical\" href=\"https:\/\/behostels.com\/de\/sound\/ausstattung\/\" \/>\n<meta property=\"og:locale\" content=\"de_DE\" \/>\n<meta property=\"og:type\" content=\"article\" \/>\n<meta property=\"og:title\" content=\"Ausstattung Be Sound Hostel\" \/>\n<meta property=\"og:description\" content=\"Hier finden Sie alles was Sie brauchen bei Be Sound Hostel in Barcelona!\" \/>\n<meta property=\"og:url\" content=\"https:\/\/behostels.com\/de\/sound\/ausstattung\/\" \/>\n<meta property=\"og:site_name\" content=\"Be Hostels\" \/>\n<meta property=\"article:modified_time\" content=\"2015-09-17T15:42:57+00:00\" \/>\n<meta name=\"twitter:card\" content=\"summary_large_image\" \/>\n<meta name=\"twitter:label1\" content=\"Gesch\u00e4tzte Lesezeit\" \/>\n\t<meta name=\"twitter:data1\" content=\"1\u00a0Minute\" \/>\n<script type=\"application\/ld+json\" class=\"yoast-schema-graph\">{\"@context\":\"https:\/\/schema.org\",\"@graph\":[{\"@type\":\"WebPage\",\"@id\":\"https:\/\/behostels.com\/de\/sound\/ausstattung\/\",\"url\":\"https:\/\/behostels.com\/de\/sound\/ausstattung\/\",\"name\":\"Ausstattung Be Sound Hostel\",\"isPartOf\":{\"@id\":\"https:\/\/behostels.com\/de\/#website\"},\"datePublished\":\"2015-06-09T16:11:03+00:00\",\"dateModified\":\"2015-09-17T15:42:57+00:00\",\"description\":\"Hier finden Sie alles was Sie brauchen bei Be Sound Hostel in Barcelona!\",\"breadcrumb\":{\"@id\":\"https:\/\/behostels.com\/de\/sound\/ausstattung\/#breadcrumb\"},\"inLanguage\":\"de\",\"potentialAction\":[{\"@type\":\"ReadAction\",\"target\":[\"https:\/\/behostels.com\/de\/sound\/ausstattung\/\"]}]},{\"@type\":\"BreadcrumbList\",\"@id\":\"https:\/\/behostels.com\/de\/sound\/ausstattung\/#breadcrumb\",\"itemListElement\":[{\"@type\":\"ListItem\",\"position\":1,\"name\":\"Home\",\"item\":\"https:\/\/behostels.com\/de\/\"},{\"@type\":\"ListItem\",\"position\":2,\"name\":\"Be Hostel Barcelona: G\u00fcnstig, komfortabel und originell!\",\"item\":\"https:\/\/behostels.com\/de\/sound\/\"},{\"@type\":\"ListItem\",\"position\":3,\"name\":\"Wir bieten Ihnen die besten Einrichtungen im Be Sound Hostel Barcelona\"}]},{\"@type\":\"WebSite\",\"@id\":\"https:\/\/behostels.com\/de\/#website\",\"url\":\"https:\/\/behostels.com\/de\/\",\"name\":\"Be Hostels\",\"description\":\"\",\"publisher\":{\"@id\":\"https:\/\/behostels.com\/de\/#organization\"},\"potentialAction\":[{\"@type\":\"SearchAction\",\"target\":{\"@type\":\"EntryPoint\",\"urlTemplate\":\"https:\/\/behostels.com\/de\/?s={search_term_string}\"},\"query-input\":\"required name=search_term_string\"}],\"inLanguage\":\"de\"},{\"@type\":\"Organization\",\"@id\":\"https:\/\/behostels.com\/de\/#organization\",\"name\":\"Be Hostels\",\"url\":\"https:\/\/behostels.com\/de\/\",\"logo\":{\"@type\":\"ImageObject\",\"inLanguage\":\"de\",\"@id\":\"https:\/\/behostels.com\/de\/#\/schema\/logo\/image\/\",\"url\":\"https:\/\/behostels.com\/wp-content\/uploads\/2015\/06\/be_reservations_logo.jpg\",\"contentUrl\":\"https:\/\/behostels.com\/wp-content\/uploads\/2015\/06\/be_reservations_logo.jpg\",\"width\":130,\"height\":130,\"caption\":\"Be Hostels\"},\"image\":{\"@id\":\"https:\/\/behostels.com\/de\/#\/schema\/logo\/image\/\"}}]}<\/script>\n<!-- \/ Yoast SEO plugin. -->","yoast_head_json":{"title":"Ausstattung Be Sound Hostel","description":"Hier finden Sie alles was Sie brauchen bei Be Sound Hostel in Barcelona!","robots":{"index":"index","follow":"follow","max-snippet":"max-snippet:-1","max-image-preview":"max-image-preview:large","max-video-preview":"max-video-preview:-1"},"canonical":"https:\/\/behostels.com\/de\/sound\/ausstattung\/","og_locale":"de_DE","og_type":"article","og_title":"Ausstattung Be Sound Hostel","og_description":"Hier finden Sie alles was Sie brauchen bei Be Sound Hostel in Barcelona!","og_url":"https:\/\/behostels.com\/de\/sound\/ausstattung\/","og_site_name":"Be Hostels","article_modified_time":"2015-09-17T15:42:57+00:00","twitter_card":"summary_large_image","twitter_misc":{"Gesch\u00e4tzte Lesezeit":"1\u00a0Minute"},"schema":{"@context":"https:\/\/schema.org","@graph":[{"@type":"WebPage","@id":"https:\/\/behostels.com\/de\/sound\/ausstattung\/","url":"https:\/\/behostels.com\/de\/sound\/ausstattung\/","name":"Ausstattung Be Sound Hostel","isPartOf":{"@id":"https:\/\/behostels.com\/de\/#website"},"datePublished":"2015-06-09T16:11:03+00:00","dateModified":"2015-09-17T15:42:57+00:00","description":"Hier finden Sie alles was Sie brauchen bei Be Sound Hostel in Barcelona!","breadcrumb":{"@id":"https:\/\/behostels.com\/de\/sound\/ausstattung\/#breadcrumb"},"inLanguage":"de","potentialAction":[{"@type":"ReadAction","target":["https:\/\/behostels.com\/de\/sound\/ausstattung\/"]}]},{"@type":"BreadcrumbList","@id":"https:\/\/behostels.com\/de\/sound\/ausstattung\/#breadcrumb","itemListElement":[{"@type":"ListItem","position":1,"name":"Home","item":"https:\/\/behostels.com\/de\/"},{"@type":"ListItem","position":2,"name":"Be Hostel Barcelona: G\u00fcnstig, komfortabel und originell!","item":"https:\/\/behostels.com\/de\/sound\/"},{"@type":"ListItem","position":3,"name":"Wir bieten Ihnen die besten Einrichtungen im Be Sound Hostel Barcelona"}]},{"@type":"WebSite","@id":"https:\/\/behostels.com\/de\/#website","url":"https:\/\/behostels.com\/de\/","name":"Be Hostels","description":"","publisher":{"@id":"https:\/\/behostels.com\/de\/#organization"},"potentialAction":[{"@type":"SearchAction","target":{"@type":"EntryPoint","urlTemplate":"https:\/\/behostels.com\/de\/?s={search_term_string}"},"query-input":"required name=search_term_string"}],"inLanguage":"de"},{"@type":"Organization","@id":"https:\/\/behostels.com\/de\/#organization","name":"Be Hostels","url":"https:\/\/behostels.com\/de\/","logo":{"@type":"ImageObject","inLanguage":"de","@id":"https:\/\/behostels.com\/de\/#\/schema\/logo\/image\/","url":"https:\/\/behostels.com\/wp-content\/uploads\/2015\/06\/be_reservations_logo.jpg","contentUrl":"https:\/\/behostels.com\/wp-content\/uploads\/2015\/06\/be_reservations_logo.jpg","width":130,"height":130,"caption":"Be Hostels"},"image":{"@id":"https:\/\/behostels.com\/de\/#\/schema\/logo\/image\/"}}]}},"_links":{"self":[{"href":"https:\/\/behostels.com\/de\/wp-json\/wp\/v2\/pages\/175"}],"collection":[{"href":"https:\/\/behostels.com\/de\/wp-json\/wp\/v2\/pages"}],"about":[{"href":"https:\/\/behostels.com\/de\/wp-json\/wp\/v2\/types\/page"}],"author":[{"embeddable":true,"href":"https:\/\/behostels.com\/de\/wp-json\/wp\/v2\/users\/1"}],"replies":[{"embeddable":true,"href":"https:\/\/behostels.com\/de\/wp-json\/wp\/v2\/comments?post=175"}],"version-history":[{"count":0,"href":"https:\/\/behostels.com\/de\/wp-json\/wp\/v2\/pages\/175\/revisions"}],"up":[{"embeddable":true,"href":"https:\/\/behostels.com\/de\/wp-json\/wp\/v2\/pages\/126"}],"wp:attachment":[{"href":"https:\/\/behostels.com\/de\/wp-json\/wp\/v2\/media?parent=175"}],"curies":[{"name":"wp","href":"https:\/\/api.w.org\/{rel}","templated":true}]}}