{"id":126,"date":"2015-06-09T15:14:50","date_gmt":"2015-06-09T15:14:50","guid":{"rendered":"https:\/\/behostels.com\/?page_id=126"},"modified":"2015-07-08T16:58:01","modified_gmt":"2015-07-08T16:58:01","slug":"sound","status":"publish","type":"page","link":"https:\/\/behostels.com\/de\/sound\/","title":{"rendered":"Be Hostel Barcelona: G\u00fcnstig, komfortabel und originell!"},"content":{"rendered":"<h2><strong>Genie\u00dft euren Aufenthalt in Barcelona im originellsten und g\u00fcnstigsten Hostel: Be Sound Hostel Barcelona.<\/strong><\/h2>\r\n\n\n<div id=\"wk-grid82a\" class=\"uk-grid-width-1-1 uk-grid-width-medium-1-3 uk-grid uk-grid-match uk-grid-medium uk-text-center \" data-uk-grid-match=\"{target:'> div > .uk-panel', row:true}\" data-uk-grid-margin  data-uk-scrollspy=\"{cls:'uk-animation-fade uk-invisible', target:'> div > .uk-panel', delay:300}\">\n\n\n    <div>\n        <div class=\"uk-panel uk-invisible\">\n\n            \n            \n                        <div class=\"uk-text-center uk-panel-teaser\"><div class=\"uk-overlay uk-overlay-hover uk-border-circle\"><img loading=\"lazy\" decoding=\"async\" src=\"\/wp-content\/uploads\/2015\/07\/be-sound-hostel-barcelona-big-terrace.jpg\" class=\"uk-border-circle uk-overlay-scale\" alt=\"Gro\u00dfe Terrasse\" width=\"360\" height=\"360\"><div class=\"uk-overlay-panel uk-overlay-background uk-overlay-icon uk-overlay-fade\"><\/div><a class=\"uk-position-cover\" href=\"http:\/\/behostels.com\/de\/sound\/ausstattung\/\" title=\"Gro\u00dfe Terrasse\"><\/a><\/div><\/div>\n            \n            \n            \n            \n            \n                        <div class=\"uk-margin\">Gro\u00dfe Terrasse<\/div>\n            \n            \n            \n            \n        <\/div>\n    <\/div>\n\n\n    <div>\n        <div class=\"uk-panel uk-invisible\">\n\n            \n            \n                        <div class=\"uk-text-center uk-panel-teaser\"><div class=\"uk-overlay uk-overlay-hover uk-border-circle\"><img loading=\"lazy\" decoding=\"async\" src=\"\/wp-content\/uploads\/2015\/07\/be-sound-hostel-barcelona-nightlife-2.jpg\" class=\"uk-border-circle uk-overlay-scale\" alt=\"Genie\u00dfen Sie das Nachtleben in Barcelona!\" width=\"360\" height=\"360\"><div class=\"uk-overlay-panel uk-overlay-background uk-overlay-icon uk-overlay-fade\"><\/div><a class=\"uk-position-cover\" href=\"http:\/\/behostels.com\/whats-this-about-activities-at-be-hostels\/\" title=\"Genie\u00dfen Sie das Nachtleben in Barcelona!\"><\/a><\/div><\/div>\n            \n            \n            \n            \n            \n                        <div class=\"uk-margin\">Genie\u00dfen Sie das Nachtleben in Barcelona!<\/div>\n            \n            \n            \n            \n        <\/div>\n    <\/div>\n\n\n    <div>\n        <div class=\"uk-panel uk-invisible\">\n\n            \n            \n                        <div class=\"uk-text-center uk-panel-teaser\"><div class=\"uk-overlay uk-overlay-hover uk-border-circle\"><img loading=\"lazy\" decoding=\"async\" src=\"\/wp-content\/uploads\/2015\/07\/be-sound-hostel-barcelona-choose-your-dorm.jpg\" class=\"uk-border-circle uk-overlay-scale\" alt=\"W\u00e4hlen Sie Ihre Dorm\" width=\"360\" height=\"360\"><div class=\"uk-overlay-panel uk-overlay-background uk-overlay-icon uk-overlay-fade\"><\/div><a class=\"uk-position-cover\" href=\"http:\/\/behostels.com\/de\/sound\/zimmer\/\" title=\"W\u00e4hlen Sie Ihre Dorm\"><\/a><\/div><\/div>\n            \n            \n            \n            \n            \n                        <div class=\"uk-margin\">W\u00e4hlen Sie Ihre Dorm<\/div>\n            \n            \n            \n            \n        <\/div>\n    <\/div>\n\n\n<\/div>\n\n<script>\n(function($){\n\n    \/\/ get the images of the gallery and replace it by a canvas of the same size to fix the problem with overlapping images on load.\n    $('img[width][height]:not(.uk-overlay-panel)', $('#wk-grid82a')).each(function() {\n\n        var $img = $(this);\n\n        if (this.width == 'auto' || this.height == 'auto' || !$img.is(':visible')) {\n            return;\n        }\n\n        var $canvas = $('<canvas class=\"uk-responsive-width\"><\/canvas>').attr({width:$img.attr('width'), height:$img.attr('height')}),\n            img = new Image,\n            release = function() {\n                $canvas.remove();\n                $img.css('display', '');\n                release = function(){};\n            };\n\n        $img.css('display', 'none').after($canvas);\n\n        $(img).on('load', function(){ release(); });\n        setTimeout(function(){ release(); }, 1000);\n\n        img.src = this.src;\n\n    });\n\n})(jQuery);\n<\/script>\n\r\n<h3>Das <strong>Be Sound Hostel<\/strong> bietet euch eine<strong> super Einrichtung<\/strong> zu g\u00fcnstigen Preisen.  Mit uns k\u00f6nnt ihr das <strong>Beste Barcelona\u2019s erleben!<\/strong> <\/h3>\r\n<h3>Das Hostel ist direkt im Zentrum Barcelona\u2019s gelegen. Unser Hostel befindet sich am \u201eNou de la Rambla\u201c, eine Verbindungsstrasse vom bekannten Ramblas zu Paral \u2022 lel, ideal falls man Restaurants, Gesch\u00e4fte, Bars und gutes Nachtleben sucht!<\/h3>\r\n\r\n<h3>Alle gro\u00dfen und kostenlosen Aktivit\u00e4ten, die du in Be Sound Hostel, um dir Aufenthalt in Barcelona genie\u00dfen kannst! Gleich nach dem einchecken im unsere G\u00e4ste verf\u00fcgen \u00fcber:<\/h3>\r\n<div class=\"uk-grid\">\r\n<div class=\"uk-width-large-1-2 uk-width-medium-1-2 uk-width-small-1-1\">\r\n<ul>\r\n\t<li>Gratis Spaziergang<\/li>\r\n\t<li>Gratis Internt and den computer<\/li>\r\n\t<li>Gratis Wifi<\/li>\r\n\t<li>Gratis Elektronischer Schrank f\u00fcr jedes Bett<\/li>\r\n\t<li>Gratis Stadtplan<\/li>\r\n\t<li>K\u00fcche f\u00fcr Reisende verf\u00fcgbar<\/li>\r\n        <li>Aktivit\u00e4ten jeden Tag organisiert<\/li>\r\n\t<li>24-Stunden Rezeption<\/li>\r\n\t\r\n<\/ul>\r\n<\/div>\r\n<div class=\"uk-width-large-1-2 uk-width-medium-1-2 uk-width-small-1-1\">\r\n<ul>\r\n\t<li>Herrliche Terrasse<\/li>\r\n        <li>Sch\u00f6ner Aufenthaltsraum<\/li>\r\n\t<li>Klimaanlage und Heizung<\/li>\r\n\t<li>Tapas und Flamenco, kulturelle Ausfl\u00fcge und Kneipentouren<\/li>\r\n\t<li>Internationale und lokale Rezeptionisten immer hilfsbereit<\/li>\r\n\t<li>Schlie\u00dffach f\u00fcr Ihr Gep\u00e4ck nach dem Check-out<\/li>\r\n\t<li>Waschmaschine und Trockner M\u00fcnze<\/li>\r\n\t<li>Bettw\u00e4sche und Handt\u00fccher f\u00fcr 2,5 \u20ac<\/li>\r\n\t<li>Parkplatz f\u00fcr Fahrr\u00e4der<\/li>\r\n<\/ul>\r\n<\/div>\r\n<\/div>\r\n&nbsp;\r\n\n<div  data-uk-scrollspy=\"{target:'> div > [data-uk-scrollspy-cls]', delay:300}\">\n\n\n    \n    <div class=\"uk-grid uk-text-left uk-flex-middle\" data-uk-grid-match data-uk-margin=\"{cls:'uk-margin-top'}\">\n\n                <div class=\"uk-width-medium-1-3 uk-text-center uk-invisible\"  data-uk-scrollspy-cls=\"uk-animation-fade uk-invisible\">\n            <div class=\"uk-overlay uk-overlay-hover uk-border-circle\"><img decoding=\"async\" src=\"\/wp-content\/uploads\/2015\/07\/be-sound-hostel-barcelona-party.jpg\" class=\"uk-border-circle uk-overlay-scale\" alt=\"Beste Lage f\u00fcr Party!\"><div class=\"uk-overlay-panel uk-overlay-background uk-overlay-icon uk-overlay-fade\"><\/div><\/div>        <\/div>\n        \n                <div class=\"uk-width-medium-2-3 uk-invisible\"  data-uk-scrollspy-cls=\"uk-animation-slide-right uk-invisible\">\n            <div class=\"uk-panel uk-panel-space uk-width-1-1\">\n\n                \n                                <h3 class=\"uk-h2\">\n\n                                            Beste Lage f\u00fcr Party!                    \n                    \n                <\/h3>\n                \n                                <div class=\"uk-margin\"><p> Unser Hostel befindet sich am \u201eNou de la Rambla\u201c, eine Verbindungsstrasse vom bekannten Ramblas zu Paral \u2022 lel, ideal falls man Restaurants, Gesch\u00e4fte, Bars und gutes Nachtleben sucht!.<\/p><\/div>\n                \n                \n                \n            <\/div>\n        <\/div>\n        \n    <\/div>\n\n    \n\n    \n    <div class=\"uk-grid uk-text-left uk-flex-middle\" data-uk-grid-match data-uk-margin=\"{cls:'uk-margin-top'}\">\n\n                <div class=\"uk-width-medium-1-3 uk-text-center uk-float-right uk-flex-order-last-medium uk-invisible\"  data-uk-scrollspy-cls=\"uk-animation-fade uk-invisible\">\n            <div class=\"uk-overlay uk-overlay-hover uk-border-circle\"><img decoding=\"async\" src=\"\/wp-content\/uploads\/2015\/07\/be-sound-hostel-barcelona-surroundings.jpg\" class=\"uk-border-circle uk-overlay-scale\" alt=\"Be Sound Hostel Umgebung\"><div class=\"uk-overlay-panel uk-overlay-background uk-overlay-icon uk-overlay-fade\"><\/div><\/div>        <\/div>\n        \n                <div class=\"uk-width-medium-2-3 uk-invisible\"  data-uk-scrollspy-cls=\"uk-animation-slide-left uk-invisible\">\n            <div class=\"uk-panel uk-panel-space uk-width-1-1\">\n\n                \n                                <h3 class=\"uk-h2\">\n\n                                            Be Sound Hostel Umgebung                    \n                    \n                <\/h3>\n                \n                                <div class=\"uk-margin\"><p>Das Hostel liegt einen Steinwurf von einem <strong>der Gaudi Meisterwerke<\/strong> und Wahrzeichen von Barcelona entfernt: Palau G\u00fcell. Andere nahegelegene Sehensw\u00fcrdigkeiten sind das <strong>Santa Monica Arts Center<\/strong>, Las Ramblas, das <strong>Kolumbus-Denkmal<\/strong>, <strong>Maremagnum und der Hafen<\/strong>.<\/p><\/div>\n                \n                \n                \n            <\/div>\n        <\/div>\n        \n    <\/div>\n\n    \n\n<\/div>\n","protected":false},"excerpt":{"rendered":"<p>Genie\u00dft euren Aufenthalt in Barcelona im originellsten und g\u00fcnstigsten Hostel: Be Sound Hostel Barcelona. Das Be Sound Hostel bietet euch eine super Einrichtung zu g\u00fcnstigen Preisen. Mit uns k\u00f6nnt ihr das Beste Barcelona\u2019s erleben! Das Hostel ist direkt im Zentrum Barcelona\u2019s gelegen. Unser Hostel befindet sich am \u201eNou de la Rambla\u201c, eine Verbindungsstrasse vom bekannten [&hellip;]<\/p>\n","protected":false},"author":1,"featured_media":0,"parent":0,"menu_order":0,"comment_status":"closed","ping_status":"open","template":"","meta":{"footnotes":""},"yoast_head":"<!-- This site is optimized with the Yoast SEO plugin v22.7 - https:\/\/yoast.com\/wordpress\/plugins\/seo\/ -->\n<title>Be Sound Hostel im Stadtzentrum von Barcelona!<\/title>\n<meta name=\"description\" content=\"Be Sound Hostel bietet gro\u00dfartige \u00dcbernachtungsm\u00f6glichkeiten mitten im Herzen des Stadtzentrums von Barcelona.\" \/>\n<meta name=\"robots\" content=\"index, follow, max-snippet:-1, max-image-preview:large, max-video-preview:-1\" \/>\n<link rel=\"canonical\" href=\"https:\/\/behostels.com\/de\/sound\/\" \/>\n<meta property=\"og:locale\" content=\"de_DE\" \/>\n<meta property=\"og:type\" content=\"article\" \/>\n<meta property=\"og:title\" content=\"Be Sound Hostel im Stadtzentrum von Barcelona!\" \/>\n<meta property=\"og:description\" content=\"Be Sound Hostel bietet gro\u00dfartige \u00dcbernachtungsm\u00f6glichkeiten mitten im Herzen des Stadtzentrums von Barcelona.\" \/>\n<meta property=\"og:url\" content=\"https:\/\/behostels.com\/de\/sound\/\" \/>\n<meta property=\"og:site_name\" content=\"Be Hostels\" \/>\n<meta property=\"article:modified_time\" content=\"2015-07-08T16:58:01+00:00\" \/>\n<meta name=\"twitter:card\" content=\"summary_large_image\" \/>\n<meta name=\"twitter:label1\" content=\"Gesch\u00e4tzte Lesezeit\" \/>\n\t<meta name=\"twitter:data1\" content=\"1\u00a0Minute\" \/>\n<script type=\"application\/ld+json\" class=\"yoast-schema-graph\">{\"@context\":\"https:\/\/schema.org\",\"@graph\":[{\"@type\":\"WebPage\",\"@id\":\"https:\/\/behostels.com\/de\/sound\/\",\"url\":\"https:\/\/behostels.com\/de\/sound\/\",\"name\":\"Be Sound Hostel im Stadtzentrum von Barcelona!\",\"isPartOf\":{\"@id\":\"https:\/\/behostels.com\/de\/#website\"},\"datePublished\":\"2015-06-09T15:14:50+00:00\",\"dateModified\":\"2015-07-08T16:58:01+00:00\",\"description\":\"Be Sound Hostel bietet gro\u00dfartige \u00dcbernachtungsm\u00f6glichkeiten mitten im Herzen des Stadtzentrums von Barcelona.\",\"breadcrumb\":{\"@id\":\"https:\/\/behostels.com\/de\/sound\/#breadcrumb\"},\"inLanguage\":\"de\",\"potentialAction\":[{\"@type\":\"ReadAction\",\"target\":[\"https:\/\/behostels.com\/de\/sound\/\"]}]},{\"@type\":\"BreadcrumbList\",\"@id\":\"https:\/\/behostels.com\/de\/sound\/#breadcrumb\",\"itemListElement\":[{\"@type\":\"ListItem\",\"position\":1,\"name\":\"Home\",\"item\":\"https:\/\/behostels.com\/de\/\"},{\"@type\":\"ListItem\",\"position\":2,\"name\":\"Be Hostel Barcelona: G\u00fcnstig, komfortabel und originell!\"}]},{\"@type\":\"WebSite\",\"@id\":\"https:\/\/behostels.com\/de\/#website\",\"url\":\"https:\/\/behostels.com\/de\/\",\"name\":\"Be Hostels\",\"description\":\"\",\"publisher\":{\"@id\":\"https:\/\/behostels.com\/de\/#organization\"},\"potentialAction\":[{\"@type\":\"SearchAction\",\"target\":{\"@type\":\"EntryPoint\",\"urlTemplate\":\"https:\/\/behostels.com\/de\/?s={search_term_string}\"},\"query-input\":\"required name=search_term_string\"}],\"inLanguage\":\"de\"},{\"@type\":\"Organization\",\"@id\":\"https:\/\/behostels.com\/de\/#organization\",\"name\":\"Be Hostels\",\"url\":\"https:\/\/behostels.com\/de\/\",\"logo\":{\"@type\":\"ImageObject\",\"inLanguage\":\"de\",\"@id\":\"https:\/\/behostels.com\/de\/#\/schema\/logo\/image\/\",\"url\":\"https:\/\/behostels.com\/wp-content\/uploads\/2015\/06\/be_reservations_logo.jpg\",\"contentUrl\":\"https:\/\/behostels.com\/wp-content\/uploads\/2015\/06\/be_reservations_logo.jpg\",\"width\":130,\"height\":130,\"caption\":\"Be Hostels\"},\"image\":{\"@id\":\"https:\/\/behostels.com\/de\/#\/schema\/logo\/image\/\"}}]}<\/script>\n<!-- \/ Yoast SEO plugin. -->","yoast_head_json":{"title":"Be Sound Hostel im Stadtzentrum von Barcelona!","description":"Be Sound Hostel bietet gro\u00dfartige \u00dcbernachtungsm\u00f6glichkeiten mitten im Herzen des Stadtzentrums von Barcelona.","robots":{"index":"index","follow":"follow","max-snippet":"max-snippet:-1","max-image-preview":"max-image-preview:large","max-video-preview":"max-video-preview:-1"},"canonical":"https:\/\/behostels.com\/de\/sound\/","og_locale":"de_DE","og_type":"article","og_title":"Be Sound Hostel im Stadtzentrum von Barcelona!","og_description":"Be Sound Hostel bietet gro\u00dfartige \u00dcbernachtungsm\u00f6glichkeiten mitten im Herzen des Stadtzentrums von Barcelona.","og_url":"https:\/\/behostels.com\/de\/sound\/","og_site_name":"Be Hostels","article_modified_time":"2015-07-08T16:58:01+00:00","twitter_card":"summary_large_image","twitter_misc":{"Gesch\u00e4tzte Lesezeit":"1\u00a0Minute"},"schema":{"@context":"https:\/\/schema.org","@graph":[{"@type":"WebPage","@id":"https:\/\/behostels.com\/de\/sound\/","url":"https:\/\/behostels.com\/de\/sound\/","name":"Be Sound Hostel im Stadtzentrum von Barcelona!","isPartOf":{"@id":"https:\/\/behostels.com\/de\/#website"},"datePublished":"2015-06-09T15:14:50+00:00","dateModified":"2015-07-08T16:58:01+00:00","description":"Be Sound Hostel bietet gro\u00dfartige \u00dcbernachtungsm\u00f6glichkeiten mitten im Herzen des Stadtzentrums von Barcelona.","breadcrumb":{"@id":"https:\/\/behostels.com\/de\/sound\/#breadcrumb"},"inLanguage":"de","potentialAction":[{"@type":"ReadAction","target":["https:\/\/behostels.com\/de\/sound\/"]}]},{"@type":"BreadcrumbList","@id":"https:\/\/behostels.com\/de\/sound\/#breadcrumb","itemListElement":[{"@type":"ListItem","position":1,"name":"Home","item":"https:\/\/behostels.com\/de\/"},{"@type":"ListItem","position":2,"name":"Be Hostel Barcelona: G\u00fcnstig, komfortabel und originell!"}]},{"@type":"WebSite","@id":"https:\/\/behostels.com\/de\/#website","url":"https:\/\/behostels.com\/de\/","name":"Be Hostels","description":"","publisher":{"@id":"https:\/\/behostels.com\/de\/#organization"},"potentialAction":[{"@type":"SearchAction","target":{"@type":"EntryPoint","urlTemplate":"https:\/\/behostels.com\/de\/?s={search_term_string}"},"query-input":"required name=search_term_string"}],"inLanguage":"de"},{"@type":"Organization","@id":"https:\/\/behostels.com\/de\/#organization","name":"Be Hostels","url":"https:\/\/behostels.com\/de\/","logo":{"@type":"ImageObject","inLanguage":"de","@id":"https:\/\/behostels.com\/de\/#\/schema\/logo\/image\/","url":"https:\/\/behostels.com\/wp-content\/uploads\/2015\/06\/be_reservations_logo.jpg","contentUrl":"https:\/\/behostels.com\/wp-content\/uploads\/2015\/06\/be_reservations_logo.jpg","width":130,"height":130,"caption":"Be Hostels"},"image":{"@id":"https:\/\/behostels.com\/de\/#\/schema\/logo\/image\/"}}]}},"_links":{"self":[{"href":"https:\/\/behostels.com\/de\/wp-json\/wp\/v2\/pages\/126"}],"collection":[{"href":"https:\/\/behostels.com\/de\/wp-json\/wp\/v2\/pages"}],"about":[{"href":"https:\/\/behostels.com\/de\/wp-json\/wp\/v2\/types\/page"}],"author":[{"embeddable":true,"href":"https:\/\/behostels.com\/de\/wp-json\/wp\/v2\/users\/1"}],"replies":[{"embeddable":true,"href":"https:\/\/behostels.com\/de\/wp-json\/wp\/v2\/comments?post=126"}],"version-history":[{"count":0,"href":"https:\/\/behostels.com\/de\/wp-json\/wp\/v2\/pages\/126\/revisions"}],"wp:attachment":[{"href":"https:\/\/behostels.com\/de\/wp-json\/wp\/v2\/media?parent=126"}],"curies":[{"name":"wp","href":"https:\/\/api.w.org\/{rel}","templated":true}]}}